{"id":14,"date":"2022-10-18T13:17:42","date_gmt":"2022-10-18T11:17:42","guid":{"rendered":"https:\/\/animateur.webdev.lu\/partenaires\/"},"modified":"2024-04-03T16:02:32","modified_gmt":"2024-04-03T14:02:32","slug":"partenaires","status":"publish","type":"page","link":"https:\/\/animateur.lu\/en\/partenaires","title":{"rendered":"Partenaires"},"content":{"rendered":"<p>Les deux commissions consultatives \u00e0 la formation des animateurs ( A et B\/C) sont compos\u00e9es de membres effectifs et de membres propos\u00e9s par les organismes offrant des activit\u00e9s de formation d\u2019aide-animateurs ou d\u2019animateurs, de repr\u00e9sentants du Ministre en charge de la jeunesse et du Service national de la jeunesse.<\/p>","protected":false},"excerpt":{"rendered":"<p>Les deux commissions consultatives \u00e0 la formation des animateurs ( A et B\/C) sont compos\u00e9es de membres effectifs et de membres propos\u00e9s par les organismes offrant des activit\u00e9s de formation d\u2019aide-animateurs ou d\u2019animateurs, de repr\u00e9sentants du Ministre en charge de la jeunesse et du Service national de la jeunesse.<\/p>\n","protected":false},"author":1,"featured_media":0,"parent":0,"menu_order":11,"comment_status":"closed","ping_status":"closed","template":"template-partners.php","meta":{"_acf_changed":false,"inline_featured_image":false,"footnotes":""},"class_list":["post-14","page","type-page","status-publish","hentry"],"acf":[],"yoast_head":"<!-- This site is optimized with the Yoast SEO plugin v26.6 - https:\/\/yoast.com\/wordpress\/plugins\/seo\/ -->\n<title>Partenaires - Animateur - Luxembourg<\/title>\n<meta name=\"robots\" content=\"index, follow, max-snippet:-1, max-image-preview:large, max-video-preview:-1\" \/>\n<link rel=\"canonical\" href=\"https:\/\/animateur.lu\/partenaires\" \/>\n<meta property=\"og:locale\" content=\"en_US\" \/>\n<meta property=\"og:type\" content=\"article\" \/>\n<meta property=\"og:title\" content=\"Partenaires - Animateur - Luxembourg\" \/>\n<meta property=\"og:description\" content=\"Les deux commissions consultatives \u00e0 la formation des animateurs ( A et B\/C) sont compos\u00e9es de membres effectifs et de membres propos\u00e9s par les organismes offrant des activit\u00e9s de formation d\u2019aide-animateurs ou d\u2019animateurs, de repr\u00e9sentants du Ministre en charge de la jeunesse et du Service national de la jeunesse.\" \/>\n<meta property=\"og:url\" content=\"https:\/\/animateur.lu\/partenaires\" \/>\n<meta property=\"og:site_name\" content=\"Animateur - Luxembourg\" \/>\n<meta property=\"article:modified_time\" content=\"2024-04-03T14:02:32+00:00\" \/>\n<meta name=\"twitter:card\" content=\"summary_large_image\" \/>\n<meta name=\"twitter:label1\" content=\"Est. reading time\" \/>\n\t<meta name=\"twitter:data1\" content=\"1 minute\" \/>\n<script type=\"application\/ld+json\" class=\"yoast-schema-graph\">{\"@context\":\"https:\/\/schema.org\",\"@graph\":[{\"@type\":\"WebPage\",\"@id\":\"https:\/\/animateur.lu\/partenaires\",\"url\":\"https:\/\/animateur.lu\/partenaires\",\"name\":\"Partenaires - Animateur - Luxembourg\",\"isPartOf\":{\"@id\":\"https:\/\/animateur.lu\/#website\"},\"datePublished\":\"2022-10-18T11:17:42+00:00\",\"dateModified\":\"2024-04-03T14:02:32+00:00\",\"breadcrumb\":{\"@id\":\"https:\/\/animateur.lu\/partenaires#breadcrumb\"},\"inLanguage\":\"en-US\",\"potentialAction\":[{\"@type\":\"ReadAction\",\"target\":[\"https:\/\/animateur.lu\/partenaires\"]}]},{\"@type\":\"BreadcrumbList\",\"@id\":\"https:\/\/animateur.lu\/partenaires#breadcrumb\",\"itemListElement\":[{\"@type\":\"ListItem\",\"position\":1,\"name\":\"Home\",\"item\":\"https:\/\/animateur.lu\/\"},{\"@type\":\"ListItem\",\"position\":2,\"name\":\"Partenaires\"}]},{\"@type\":\"WebSite\",\"@id\":\"https:\/\/animateur.lu\/#website\",\"url\":\"https:\/\/animateur.lu\/\",\"name\":\"Animateur - Luxembourg\",\"description\":\"\",\"potentialAction\":[{\"@type\":\"SearchAction\",\"target\":{\"@type\":\"EntryPoint\",\"urlTemplate\":\"https:\/\/animateur.lu\/?s={search_term_string}\"},\"query-input\":{\"@type\":\"PropertyValueSpecification\",\"valueRequired\":true,\"valueName\":\"search_term_string\"}}],\"inLanguage\":\"en-US\"}]}<\/script>\n<!-- \/ Yoast SEO plugin. -->","yoast_head_json":{"title":"Partenaires - Animateur - Luxembourg","robots":{"index":"index","follow":"follow","max-snippet":"max-snippet:-1","max-image-preview":"max-image-preview:large","max-video-preview":"max-video-preview:-1"},"canonical":"https:\/\/animateur.lu\/partenaires","og_locale":"en_US","og_type":"article","og_title":"Partenaires - Animateur - Luxembourg","og_description":"Les deux commissions consultatives \u00e0 la formation des animateurs ( A et B\/C) sont compos\u00e9es de membres effectifs et de membres propos\u00e9s par les organismes offrant des activit\u00e9s de formation d\u2019aide-animateurs ou d\u2019animateurs, de repr\u00e9sentants du Ministre en charge de la jeunesse et du Service national de la jeunesse.","og_url":"https:\/\/animateur.lu\/partenaires","og_site_name":"Animateur - Luxembourg","article_modified_time":"2024-04-03T14:02:32+00:00","twitter_card":"summary_large_image","twitter_misc":{"Est. reading time":"1 minute"},"schema":{"@context":"https:\/\/schema.org","@graph":[{"@type":"WebPage","@id":"https:\/\/animateur.lu\/partenaires","url":"https:\/\/animateur.lu\/partenaires","name":"Partenaires - Animateur - Luxembourg","isPartOf":{"@id":"https:\/\/animateur.lu\/#website"},"datePublished":"2022-10-18T11:17:42+00:00","dateModified":"2024-04-03T14:02:32+00:00","breadcrumb":{"@id":"https:\/\/animateur.lu\/partenaires#breadcrumb"},"inLanguage":"en-US","potentialAction":[{"@type":"ReadAction","target":["https:\/\/animateur.lu\/partenaires"]}]},{"@type":"BreadcrumbList","@id":"https:\/\/animateur.lu\/partenaires#breadcrumb","itemListElement":[{"@type":"ListItem","position":1,"name":"Home","item":"https:\/\/animateur.lu\/"},{"@type":"ListItem","position":2,"name":"Partenaires"}]},{"@type":"WebSite","@id":"https:\/\/animateur.lu\/#website","url":"https:\/\/animateur.lu\/","name":"Animateur - Luxembourg","description":"","potentialAction":[{"@type":"SearchAction","target":{"@type":"EntryPoint","urlTemplate":"https:\/\/animateur.lu\/?s={search_term_string}"},"query-input":{"@type":"PropertyValueSpecification","valueRequired":true,"valueName":"search_term_string"}}],"inLanguage":"en-US"}]}},"_links":{"self":[{"href":"https:\/\/animateur.lu\/en\/wp-json\/wp\/v2\/pages\/14","targetHints":{"allow":["GET"]}}],"collection":[{"href":"https:\/\/animateur.lu\/en\/wp-json\/wp\/v2\/pages"}],"about":[{"href":"https:\/\/animateur.lu\/en\/wp-json\/wp\/v2\/types\/page"}],"author":[{"embeddable":true,"href":"https:\/\/animateur.lu\/en\/wp-json\/wp\/v2\/users\/1"}],"replies":[{"embeddable":true,"href":"https:\/\/animateur.lu\/en\/wp-json\/wp\/v2\/comments?post=14"}],"version-history":[{"count":15,"href":"https:\/\/animateur.lu\/en\/wp-json\/wp\/v2\/pages\/14\/revisions"}],"predecessor-version":[{"id":2117,"href":"https:\/\/animateur.lu\/en\/wp-json\/wp\/v2\/pages\/14\/revisions\/2117"}],"wp:attachment":[{"href":"https:\/\/animateur.lu\/en\/wp-json\/wp\/v2\/media?parent=14"}],"curies":[{"name":"wp","href":"https:\/\/api.w.org\/{rel}","templated":true}]}}