{"id":149,"date":"2023-01-30T11:02:36","date_gmt":"2023-01-30T10:02:36","guid":{"rendered":"https:\/\/animateur.webdev.lu\/?page_id=149"},"modified":"2024-06-05T08:22:54","modified_gmt":"2024-06-05T06:22:54","slug":"declaration-daccessibilite","status":"publish","type":"page","link":"https:\/\/animateur.lu\/en\/declaration-daccessibilite","title":{"rendered":"D\u00e9claration d\u2019accessibilit\u00e9"},"content":{"rendered":"<p class=\"qtranxs-available-languages-message qtranxs-available-languages-message-en\"> <\/p><p>Cette page n&#8217;est pas une page d&#8217;aide.<\/p>\n<p>Elle vise \u00e0 pr\u00e9senter nos engagements en mati\u00e8re d\u2019accessibilit\u00e9 num\u00e9rique puis \u00e0 d\u00e9finir le niveau de conformit\u00e9 de ce pr\u00e9sent site \u00e0 la r\u00e9glementation et aux r\u00e9f\u00e9rentiels en vigueur.<\/p>\n<h2>Qu\u2019est-ce que l\u2019accessibilit\u00e9 num\u00e9rique ?<\/h2>\n<p>L\u2019accessibilit\u00e9 num\u00e9rique est un ensemble de r\u00e8gles et de bonnes pratiques qui couvrent notamment les aspects fonctionnels, graphiques, techniques et \u00e9ditoriaux.<\/p>\n<p>Le suivi de ces r\u00e8gles et bonnes pratiques permet de s\u2019assurer que les supports num\u00e9riques (sites web, applications mobiles, documents PDF, etc.) sont accessibles aux personnes en situation de handicap.<\/p>\n<p>Un site accessible permet par exemple de :<\/p>\n<ul>\n<li>Personnaliser son affichage via le syst\u00e8me d\u2019exploitation et\/ou le navigateur (agrandissement ou r\u00e9tr\u00e9cissement des caract\u00e8res, changement de la typographie, modification des couleurs, arr\u00eat des animations, etc.).<\/li>\n<li>Naviguer \u00e0 l\u2019aide de technologies d\u2019assistance comme une synth\u00e8se vocale ou une plage braille.<\/li>\n<li>Naviguer sans utiliser la souris, avec le clavier uniquement, des contacteurs ou via un \u00e9cran tactile.<\/li>\n<li>Consulter les vid\u00e9os et les contenus audio \u00e0 l\u2019aide de sous-titres et\/ou de transcriptions.<\/li>\n<\/ul>\n<h2>Engagements d\u2019accessibilit\u00e9 num\u00e9rique<\/h2>\n<p>Le Service National de la Jeunesse du Luxembourg (SNJ) s&#8217;engage \u00e0 rendre le site internet colonies.lu accessible, conform\u00e9ment \u00e0 la <a href=\"https:\/\/legilux.public.lu\/eli\/etat\/leg\/loi\/2019\/05\/28\/a373\/jo\">loi du 28 mai 2019<\/a> relative \u00e0 l\u2019accessibilit\u00e9 des sites internet et des applications mobiles des organismes du secteur public.<\/p>\n<h2>D\u00e9claration d\u2019accessibilit\u00e9<\/h2>\n<p>Cette d\u00e9claration d&#8217;accessibilit\u00e9 s&#8217;applique au site\u00a0\u00ab\u00a0<a href=\"https:\/\/animateur.lu\/\">https:\/\/animateur.lu\/<\/a>\u00a0\u00bb.<\/p>\n<h3>\u00c9tat de conformit\u00e9<\/h3>\n<p>Ce pr\u00e9sent site est partiellement conforme \u00e0 la norme europ\u00e9enne <a href=\"https:\/\/www.etsi.org\/deliver\/etsi_en\/301500_301599\/301549\/02.01.02_60\/en_301549v020102p.pdf\">EN 301 549 (document en anglais)<\/a> ainsi qu\u2019au <a href=\"https:\/\/accessibilite.public.lu\/fr\/rgaa4.1\/\">RGAA<\/a> (R\u00e9f\u00e9rentiel G\u00e9n\u00e9ral d\u2019Am\u00e9lioration de l\u2019Accessibilit\u00e9) &#8211; version 4.1.2 qui l\u2019impl\u00e9mente en raison des non-conformit\u00e9s \u00e9num\u00e9r\u00e9es ci-apr\u00e8s.<\/p>\n<h3>Contenus non accessibles<\/h3>\n<h4>Non-conformit\u00e9s<\/h4>\n<p>Liste des crit\u00e8res non conformes :<\/p>\n<ul>\n<li>3 &#8211; Des alternatives textuelles d\u2019images porteuses d\u2019information ne sont pas pertinentes.<\/li>\n<li>2 &#8211; Des contrastes entre couleur de texte et couleur d\u2019arri\u00e8re-plan ne sont pas suffisamment \u00e9lev\u00e9s.<\/li>\n<li>1 &#8211; Des liens ne sont pas explicites.<\/li>\n<li>1 &#8211; Des scripts ne sont pas compatibles avec les technologies d\u2019assistance.<\/li>\n<li>3 &#8211; Des scripts ne sont pas contr\u00f4lables par le clavier et par tout dispositif de pointage.<\/li>\n<li>5 &#8211; Des messages de statut ne sont pas correctement restitu\u00e9s par les technologies d\u2019assistance.<\/li>\n<li>2 &#8211; Le code source g\u00e9n\u00e9r\u00e9 n\u2019est pas valide selon le type de document sp\u00e9cifi\u00e9.<\/li>\n<li>7 &#8211; Des changements de langue ne sont pas indiqu\u00e9s.<\/li>\n<li>9 &#8211; Des balises sont utilis\u00e9es uniquement \u00e0 des fins de pr\u00e9sentation.<\/li>\n<li>3 &#8211; Des listes ne sont pas correctement structur\u00e9es.<\/li>\n<li>1 &#8211; Des feuilles de styles ne sont pas utilis\u00e9es pour contr\u00f4ler la pr\u00e9sentation.<\/li>\n<li>6 &#8211; Des regroupements de champs de m\u00eame nature n\u2019ont pas de l\u00e9gende.<\/li>\n<li>10 &#8211; Des contr\u00f4les de saisie ne sont pas utilis\u00e9s de mani\u00e8re pertinente.<\/li>\n<li>8 &#8211; L\u2019ordre de tabulation n\u2019est pas coh\u00e9rent.<\/li>\n<li>9 &#8211; La navigation contient des pi\u00e8ges au clavier.<\/li>\n<li>11 &#8211; Des contenus additionnels apparaissant au survol, \u00e0 la prise de focus ou \u00e0 l\u2019activation d\u2019un composant d\u2019interface ne sont pas atteignables au clavier.<\/li>\n<li>3 &#8211; Des documents bureautiques en t\u00e9l\u00e9chargement ne poss\u00e8dent pas de version accessible.<\/li>\n<\/ul>\n<h4>Contenus non soumis \u00e0 l\u2019obligation d\u2019accessibilit\u00e9<\/h4>\n<ul>\n<li>Le gestionnaire de cookies a \u00e9t\u00e9 exempt\u00e9. Il n\u2019a donc pas fait l\u2019objet d\u2019un audit complet et d\u00e9taill\u00e9. Il a toutefois \u00e9t\u00e9 v\u00e9rifi\u00e9 que sa pr\u00e9sence n\u2019emp\u00eache pas l\u2019utilisation et la consultation du reste du site.<\/li>\n<li>Les cartes interactives.<\/li>\n<li>Le ReCAPTCHA du formulaire de contact.<\/li>\n<\/ul>\n<h3>\u00c9tablissement de cette d\u00e9claration d\u2019accessibilit\u00e9<\/h3>\n<p>Cette pr\u00e9sente d\u00e9claration a \u00e9t\u00e9 \u00e9tablie le 29\/03\/2024 puis mise \u00e0 jour le 27\/05\/2024.<\/p>\n<h4>Technologies utilis\u00e9es pour la r\u00e9alisation du site<\/h4>\n<ul>\n<li>HTML5<\/li>\n<li>SVG<\/li>\n<li>ARIA<\/li>\n<li>CSS<\/li>\n<li>JavaScript<\/li>\n<\/ul>\n<h4>Environnement de test<\/h4>\n<p>Les tests ont \u00e9t\u00e9 effectu\u00e9s avec les combinaisons de navigateur web et lecteur d\u2019\u00e9cran suivantes :<\/p>\n<ul>\n<li>Firefox 123.0.1 et NVDA 2023.3.3 (Windows 11)<\/li>\n<li>Firefox 123.0.1 et JAWS 2023 (Windows 11)<\/li>\n<li>Safari et VoiceOver (macOS 14.0)<\/li>\n<li>Safari et VoiceOver (iOS 17.1.2)<\/li>\n<\/ul>\n<h4>Outils pour \u00e9valuer l\u2019accessibilit\u00e9<\/h4>\n<ul>\n<li>Colour Contrast Analyser<\/li>\n<li>Contrast Finder<\/li>\n<li>Outils de d\u00e9veloppement Firefox<\/li>\n<li>Web Developer (extension Firefox)<\/li>\n<\/ul>\n<h4>Pages du site ayant fait l\u2019objet de la v\u00e9rification de conformit\u00e9<\/h4>\n<ul>\n<li><a href=\"https:\/\/animateur.lu\/\">Accueil<\/a><\/li>\n<li><a href=\"https:\/\/animateur.lu\/declaration-daccessibilite\">D\u00e9claration d\u2019accessibilit\u00e9<\/a><\/li>\n<li><a href=\"https:\/\/animateur.lu\/mentions-legales\">Mentions l\u00e9gales<\/a><\/li>\n<li><a href=\"https:\/\/animateur.lu\/plan-du-site\">Plan du site<\/a><\/li>\n<li><a href=\"https:\/\/animateur.lu\/contact\">Contact<\/a><\/li>\n<li><a href=\"https:\/\/animateur.lu\/devenir-animateur\/brevets\">Brevets<\/a><\/li>\n<li><a href=\"https:\/\/animateur.lu\/etre-animateur\/conge-jeunesse\">Cong\u00e9 jeunesse<\/a><\/li>\n<li><a href=\"https:\/\/animateur.lu\/formation\/formation-de-base-juillet\">Fiche formation<\/a><\/li>\n<li><a href=\"https:\/\/animateur.lu\/formation\/formation-de-base-juillet\/inscription\">Inscription \u00e0 une formation<\/a><\/li>\n<li><a href=\"https:\/\/animateur.lu\/partenaires\">Partenaires<\/a><\/li>\n<li><a href=\"https:\/\/animateur.lu\/membres\/youngcaritas\">Fiche partenaire<\/a><\/li>\n<li><a href=\"https:\/\/animateur.lu\/espace-membre\/login\">Authentification \u00e0 l\u2019espace membre<\/a><\/li>\n<li><a href=\"https:\/\/animateur.lu\/espace-membre\/ajouter-des-formations\">Espace membre \u2013 Ajouter une formation<\/a><\/li>\n<\/ul>\n<h3>Retour d&#8217;information et coordonn\u00e9es de contact<\/h3>\n<p>Si vous n\u2019arrivez pas \u00e0 acc\u00e9der \u00e0 un contenu ou \u00e0 un service de ce site, vous pouvez nous contacter via un des moyens ci-dessous en d\u00e9crivant votre probl\u00e8me\u00a0:<\/p>\n<ul>\n<li>\u00c9crivez-nous \u00e0 l\u2019adresse email : <a href=\"mailto:communication@snj.lu\">communication@snj.lu<\/a><\/li>\n<li>Appelez-nous au 247-86465<\/li>\n<li>\u00c9crivez-nous par voie postale \u00e0 l\u2019adresse suivante :<br \/>\nService national de la jeunesse<br \/>\nL-2926 Luxembourg<\/li>\n<\/ul>\n<p>Nous nous engageons \u00e0 vous r\u00e9pondre par mail dans un d\u00e9lai de 1 mois au plus tard.<\/p>\n<p>Pour rem\u00e9dier au probl\u00e8me de mani\u00e8re durable et dans la mesure du raisonnable, la correction en ligne du d\u00e9faut d\u2019accessibilit\u00e9 sera privil\u00e9gi\u00e9e.<\/p>\n<p>Si cela ne peut \u00eatre fait, l\u2019information souhait\u00e9e vous sera transmise dans un format accessible selon vos souhaits :<\/p>\n<ul>\n<li>Par \u00e9crit dans un document ou un email.<\/li>\n<li>\u00c0 l\u2019oral lors d&#8217;un entretien ou par t\u00e9l\u00e9phone.<\/li>\n<\/ul>\n<h3>Proc\u00e9dure permettant d&#8217;assurer le respect des dispositions<\/h3>\n<p>En cas de r\u00e9ponse non satisfaisante, vous avez \u00e9galement la possibilit\u00e9 d\u2019en informer le <a href=\"https:\/\/sip.gouvernement.lu\">Service information et presse<\/a>, organisme responsable du contr\u00f4le de l\u2019accessibilit\u00e9, via son <a href=\"https:\/\/sip.gouvernement.lu\/fr\/support\/reclamation-accessibilite.html\">formulaire de r\u00e9clamation en ligne<\/a>, ou <a href=\"http:\/\/www.ombudsman.lu\/\">l\u2019Ombudsman<\/a>, m\u00e9diateur du Grand-Duch\u00e9 de Luxembourg.<\/p>\n<p>Modifi\u00e9 le 28 mai 2024<\/p>","protected":false},"excerpt":{"rendered":"<p>Cette page n&#8217;est pas une page d&#8217;aide. Elle vise \u00e0 pr\u00e9senter nos engagements en mati\u00e8re d\u2019accessibilit\u00e9 num\u00e9rique puis \u00e0 d\u00e9finir le niveau de conformit\u00e9 de ce pr\u00e9sent site \u00e0 la r\u00e9glementation et aux r\u00e9f\u00e9rentiels en vigueur. Qu\u2019est-ce que l\u2019accessibilit\u00e9 num\u00e9rique ? L\u2019accessibilit\u00e9 num\u00e9rique est un ensemble de r\u00e8gles et de bonnes pratiques qui couvrent notamment [&hellip;]<\/p>\n","protected":false},"author":1,"featured_media":0,"parent":0,"menu_order":16,"comment_status":"closed","ping_status":"closed","template":"template-full-width.php","meta":{"_acf_changed":false,"inline_featured_image":false,"footnotes":""},"class_list":["post-149","page","type-page","status-publish","hentry"],"acf":[],"yoast_head":"<!-- This site is optimized with the Yoast SEO plugin v26.6 - https:\/\/yoast.com\/wordpress\/plugins\/seo\/ -->\n<title><\/title>\n<meta name=\"robots\" content=\"index, follow, max-snippet:-1, max-image-preview:large, max-video-preview:-1\" \/>\n<link rel=\"canonical\" href=\"https:\/\/animateur.lu\/declaration-daccessibilite\" \/>\n<meta property=\"og:locale\" content=\"en_US\" \/>\n<meta property=\"og:type\" content=\"article\" \/>\n<meta property=\"og:title\" content=\"[:fr]D\u00e9claration d\u2019accessibilit\u00e9[:] - Animateur - Luxembourg\" \/>\n<meta property=\"og:description\" content=\"Cette page n&#8217;est pas une page d&#8217;aide. Elle vise \u00e0 pr\u00e9senter nos engagements en mati\u00e8re d\u2019accessibilit\u00e9 num\u00e9rique puis \u00e0 d\u00e9finir le niveau de conformit\u00e9 de ce pr\u00e9sent site \u00e0 la r\u00e9glementation et aux r\u00e9f\u00e9rentiels en vigueur. Qu\u2019est-ce que l\u2019accessibilit\u00e9 num\u00e9rique ? L\u2019accessibilit\u00e9 num\u00e9rique est un ensemble de r\u00e8gles et de bonnes pratiques qui couvrent notamment [&hellip;]\" \/>\n<meta property=\"og:url\" content=\"https:\/\/animateur.lu\/declaration-daccessibilite\" \/>\n<meta property=\"og:site_name\" content=\"Animateur - Luxembourg\" \/>\n<meta property=\"article:modified_time\" content=\"2024-06-05T06:22:54+00:00\" \/>\n<meta name=\"twitter:card\" content=\"summary_large_image\" \/>\n<meta name=\"twitter:label1\" content=\"Est. reading time\" \/>\n\t<meta name=\"twitter:data1\" content=\"5 minutes\" \/>\n<script type=\"application\/ld+json\" class=\"yoast-schema-graph\">{\"@context\":\"https:\/\/schema.org\",\"@graph\":[{\"@type\":\"WebPage\",\"@id\":\"https:\/\/animateur.lu\/declaration-daccessibilite\",\"url\":\"https:\/\/animateur.lu\/declaration-daccessibilite\",\"name\":\"[:fr]D\u00e9claration d\u2019accessibilit\u00e9[:] - Animateur - Luxembourg\",\"isPartOf\":{\"@id\":\"https:\/\/animateur.lu\/#website\"},\"datePublished\":\"2023-01-30T10:02:36+00:00\",\"dateModified\":\"2024-06-05T06:22:54+00:00\",\"breadcrumb\":{\"@id\":\"https:\/\/animateur.lu\/declaration-daccessibilite#breadcrumb\"},\"inLanguage\":\"en-US\",\"potentialAction\":[{\"@type\":\"ReadAction\",\"target\":[\"https:\/\/animateur.lu\/declaration-daccessibilite\"]}]},{\"@type\":\"BreadcrumbList\",\"@id\":\"https:\/\/animateur.lu\/declaration-daccessibilite#breadcrumb\",\"itemListElement\":[{\"@type\":\"ListItem\",\"position\":1,\"name\":\"Home\",\"item\":\"https:\/\/animateur.lu\/\"},{\"@type\":\"ListItem\",\"position\":2,\"name\":\"D\u00e9claration d\u2019accessibilit\u00e9\"}]},{\"@type\":\"WebSite\",\"@id\":\"https:\/\/animateur.lu\/#website\",\"url\":\"https:\/\/animateur.lu\/\",\"name\":\"Animateur - Luxembourg\",\"description\":\"\",\"potentialAction\":[{\"@type\":\"SearchAction\",\"target\":{\"@type\":\"EntryPoint\",\"urlTemplate\":\"https:\/\/animateur.lu\/?s={search_term_string}\"},\"query-input\":{\"@type\":\"PropertyValueSpecification\",\"valueRequired\":true,\"valueName\":\"search_term_string\"}}],\"inLanguage\":\"en-US\"}]}<\/script>\n<!-- \/ Yoast SEO plugin. -->","yoast_head_json":{"title":"[:fr]D\u00e9claration d\u2019accessibilit\u00e9[:] - Animateur - Luxembourg","robots":{"index":"index","follow":"follow","max-snippet":"max-snippet:-1","max-image-preview":"max-image-preview:large","max-video-preview":"max-video-preview:-1"},"canonical":"https:\/\/animateur.lu\/declaration-daccessibilite","og_locale":"en_US","og_type":"article","og_title":"[:fr]D\u00e9claration d\u2019accessibilit\u00e9[:] - Animateur - Luxembourg","og_description":"Cette page n&#8217;est pas une page d&#8217;aide. Elle vise \u00e0 pr\u00e9senter nos engagements en mati\u00e8re d\u2019accessibilit\u00e9 num\u00e9rique puis \u00e0 d\u00e9finir le niveau de conformit\u00e9 de ce pr\u00e9sent site \u00e0 la r\u00e9glementation et aux r\u00e9f\u00e9rentiels en vigueur. Qu\u2019est-ce que l\u2019accessibilit\u00e9 num\u00e9rique ? L\u2019accessibilit\u00e9 num\u00e9rique est un ensemble de r\u00e8gles et de bonnes pratiques qui couvrent notamment [&hellip;]","og_url":"https:\/\/animateur.lu\/declaration-daccessibilite","og_site_name":"Animateur - Luxembourg","article_modified_time":"2024-06-05T06:22:54+00:00","twitter_card":"summary_large_image","twitter_misc":{"Est. reading time":"5 minutes"},"schema":{"@context":"https:\/\/schema.org","@graph":[{"@type":"WebPage","@id":"https:\/\/animateur.lu\/declaration-daccessibilite","url":"https:\/\/animateur.lu\/declaration-daccessibilite","name":"[:fr]D\u00e9claration d\u2019accessibilit\u00e9[:] - Animateur - Luxembourg","isPartOf":{"@id":"https:\/\/animateur.lu\/#website"},"datePublished":"2023-01-30T10:02:36+00:00","dateModified":"2024-06-05T06:22:54+00:00","breadcrumb":{"@id":"https:\/\/animateur.lu\/declaration-daccessibilite#breadcrumb"},"inLanguage":"en-US","potentialAction":[{"@type":"ReadAction","target":["https:\/\/animateur.lu\/declaration-daccessibilite"]}]},{"@type":"BreadcrumbList","@id":"https:\/\/animateur.lu\/declaration-daccessibilite#breadcrumb","itemListElement":[{"@type":"ListItem","position":1,"name":"Home","item":"https:\/\/animateur.lu\/"},{"@type":"ListItem","position":2,"name":"D\u00e9claration d\u2019accessibilit\u00e9"}]},{"@type":"WebSite","@id":"https:\/\/animateur.lu\/#website","url":"https:\/\/animateur.lu\/","name":"Animateur - Luxembourg","description":"","potentialAction":[{"@type":"SearchAction","target":{"@type":"EntryPoint","urlTemplate":"https:\/\/animateur.lu\/?s={search_term_string}"},"query-input":{"@type":"PropertyValueSpecification","valueRequired":true,"valueName":"search_term_string"}}],"inLanguage":"en-US"}]}},"_links":{"self":[{"href":"https:\/\/animateur.lu\/en\/wp-json\/wp\/v2\/pages\/149","targetHints":{"allow":["GET"]}}],"collection":[{"href":"https:\/\/animateur.lu\/en\/wp-json\/wp\/v2\/pages"}],"about":[{"href":"https:\/\/animateur.lu\/en\/wp-json\/wp\/v2\/types\/page"}],"author":[{"embeddable":true,"href":"https:\/\/animateur.lu\/en\/wp-json\/wp\/v2\/users\/1"}],"replies":[{"embeddable":true,"href":"https:\/\/animateur.lu\/en\/wp-json\/wp\/v2\/comments?post=149"}],"version-history":[{"count":14,"href":"https:\/\/animateur.lu\/en\/wp-json\/wp\/v2\/pages\/149\/revisions"}],"predecessor-version":[{"id":2285,"href":"https:\/\/animateur.lu\/en\/wp-json\/wp\/v2\/pages\/149\/revisions\/2285"}],"wp:attachment":[{"href":"https:\/\/animateur.lu\/en\/wp-json\/wp\/v2\/media?parent=149"}],"curies":[{"name":"wp","href":"https:\/\/api.w.org\/{rel}","templated":true}]}}