{"id":16,"date":"2022-10-18T13:17:43","date_gmt":"2022-10-18T11:17:43","guid":{"rendered":"https:\/\/animateur.webdev.lu\/informations-pratiques\/"},"modified":"2023-03-24T12:04:25","modified_gmt":"2023-03-24T11:04:25","slug":"informations-pratiques","status":"publish","type":"page","link":"https:\/\/animateur.lu\/en\/informations-pratiques","title":{"rendered":"Informations pratiques"},"content":{"rendered":"<p>L\u2019objectif commun des colonies est d\u2019offrir aux jeunes <span style=\"color: #ddd6a4;\"><strong>un moyen de passer leurs loisirs d\u2019une fa\u00e7on constructive<\/strong><\/span>, c\u2019est-\u00e0-dire tout en suscitant la participation et en \u00e9vitant les pi\u00e8ges de la simple consommation.<\/p>\n<p>Face \u00e0 un ensemble impressionnant de structures \u00e9ducatives, face \u00e0 une explosion des loisirs et de la consommation, les colonies de vacance sont davantage vues comme une occasion ou un lieu d\u2019\u00e9ducation au loisir et deviennent en sorte une \u00e9cole du loisir.<\/p>\n<p>L\u2019int\u00e9gration dans une exp\u00e9rience collective \u00e0 l\u2019ext\u00e9rieur du cadre habituel (\u00e9cole ou famille) permet aux jeunes de d\u00e9velopper leur sens d\u2019autonomie, leur sens de responsabilit\u00e9 et leur capacit\u00e9 d\u2019int\u00e9gration.<\/p>\n","protected":false},"excerpt":{"rendered":"<p>L\u2019objectif commun des colonies est d\u2019offrir aux jeunes un moyen de passer leurs loisirs d\u2019une fa\u00e7on constructive, c\u2019est-\u00e0-dire tout en suscitant la participation et en \u00e9vitant les pi\u00e8ges de la simple consommation. Face \u00e0 un ensemble impressionnant de structures \u00e9ducatives, face \u00e0 une explosion des loisirs et de la consommation, les colonies de vacance sont [&hellip;]<\/p>\n","protected":false},"author":1,"featured_media":0,"parent":0,"menu_order":17,"comment_status":"closed","ping_status":"closed","template":"template-infopratiques.php","meta":{"_acf_changed":false,"inline_featured_image":false,"footnotes":""},"class_list":["post-16","page","type-page","status-publish","hentry"],"acf":[],"yoast_head":"<!-- This site is optimized with the Yoast SEO plugin v26.6 - https:\/\/yoast.com\/wordpress\/plugins\/seo\/ -->\n<title>Informations pratiques - Animateur - Luxembourg<\/title>\n<meta name=\"robots\" content=\"index, follow, max-snippet:-1, max-image-preview:large, max-video-preview:-1\" \/>\n<link rel=\"canonical\" href=\"https:\/\/animateur.lu\/informations-pratiques\" \/>\n<meta property=\"og:locale\" content=\"en_US\" \/>\n<meta property=\"og:type\" content=\"article\" \/>\n<meta property=\"og:title\" content=\"Informations pratiques - Animateur - Luxembourg\" \/>\n<meta property=\"og:description\" content=\"L\u2019objectif commun des colonies est d\u2019offrir aux jeunes un moyen de passer leurs loisirs d\u2019une fa\u00e7on constructive, c\u2019est-\u00e0-dire tout en suscitant la participation et en \u00e9vitant les pi\u00e8ges de la simple consommation. Face \u00e0 un ensemble impressionnant de structures \u00e9ducatives, face \u00e0 une explosion des loisirs et de la consommation, les colonies de vacance sont [&hellip;]\" \/>\n<meta property=\"og:url\" content=\"https:\/\/animateur.lu\/informations-pratiques\" \/>\n<meta property=\"og:site_name\" content=\"Animateur - Luxembourg\" \/>\n<meta property=\"article:modified_time\" content=\"2023-03-24T11:04:25+00:00\" \/>\n<meta name=\"twitter:card\" content=\"summary_large_image\" \/>\n<meta name=\"twitter:label1\" content=\"Est. reading time\" \/>\n\t<meta name=\"twitter:data1\" content=\"1 minute\" \/>\n<script type=\"application\/ld+json\" class=\"yoast-schema-graph\">{\"@context\":\"https:\/\/schema.org\",\"@graph\":[{\"@type\":\"WebPage\",\"@id\":\"https:\/\/animateur.lu\/informations-pratiques\",\"url\":\"https:\/\/animateur.lu\/informations-pratiques\",\"name\":\"Informations pratiques - Animateur - Luxembourg\",\"isPartOf\":{\"@id\":\"https:\/\/animateur.lu\/#website\"},\"datePublished\":\"2022-10-18T11:17:43+00:00\",\"dateModified\":\"2023-03-24T11:04:25+00:00\",\"breadcrumb\":{\"@id\":\"https:\/\/animateur.lu\/informations-pratiques#breadcrumb\"},\"inLanguage\":\"en-US\",\"potentialAction\":[{\"@type\":\"ReadAction\",\"target\":[\"https:\/\/animateur.lu\/informations-pratiques\"]}]},{\"@type\":\"BreadcrumbList\",\"@id\":\"https:\/\/animateur.lu\/informations-pratiques#breadcrumb\",\"itemListElement\":[{\"@type\":\"ListItem\",\"position\":1,\"name\":\"Home\",\"item\":\"https:\/\/animateur.lu\/\"},{\"@type\":\"ListItem\",\"position\":2,\"name\":\"Informations pratiques\"}]},{\"@type\":\"WebSite\",\"@id\":\"https:\/\/animateur.lu\/#website\",\"url\":\"https:\/\/animateur.lu\/\",\"name\":\"Animateur - Luxembourg\",\"description\":\"\",\"potentialAction\":[{\"@type\":\"SearchAction\",\"target\":{\"@type\":\"EntryPoint\",\"urlTemplate\":\"https:\/\/animateur.lu\/?s={search_term_string}\"},\"query-input\":{\"@type\":\"PropertyValueSpecification\",\"valueRequired\":true,\"valueName\":\"search_term_string\"}}],\"inLanguage\":\"en-US\"}]}<\/script>\n<!-- \/ Yoast SEO plugin. -->","yoast_head_json":{"title":"Informations pratiques - Animateur - Luxembourg","robots":{"index":"index","follow":"follow","max-snippet":"max-snippet:-1","max-image-preview":"max-image-preview:large","max-video-preview":"max-video-preview:-1"},"canonical":"https:\/\/animateur.lu\/informations-pratiques","og_locale":"en_US","og_type":"article","og_title":"Informations pratiques - Animateur - Luxembourg","og_description":"L\u2019objectif commun des colonies est d\u2019offrir aux jeunes un moyen de passer leurs loisirs d\u2019une fa\u00e7on constructive, c\u2019est-\u00e0-dire tout en suscitant la participation et en \u00e9vitant les pi\u00e8ges de la simple consommation. Face \u00e0 un ensemble impressionnant de structures \u00e9ducatives, face \u00e0 une explosion des loisirs et de la consommation, les colonies de vacance sont [&hellip;]","og_url":"https:\/\/animateur.lu\/informations-pratiques","og_site_name":"Animateur - Luxembourg","article_modified_time":"2023-03-24T11:04:25+00:00","twitter_card":"summary_large_image","twitter_misc":{"Est. reading time":"1 minute"},"schema":{"@context":"https:\/\/schema.org","@graph":[{"@type":"WebPage","@id":"https:\/\/animateur.lu\/informations-pratiques","url":"https:\/\/animateur.lu\/informations-pratiques","name":"Informations pratiques - Animateur - Luxembourg","isPartOf":{"@id":"https:\/\/animateur.lu\/#website"},"datePublished":"2022-10-18T11:17:43+00:00","dateModified":"2023-03-24T11:04:25+00:00","breadcrumb":{"@id":"https:\/\/animateur.lu\/informations-pratiques#breadcrumb"},"inLanguage":"en-US","potentialAction":[{"@type":"ReadAction","target":["https:\/\/animateur.lu\/informations-pratiques"]}]},{"@type":"BreadcrumbList","@id":"https:\/\/animateur.lu\/informations-pratiques#breadcrumb","itemListElement":[{"@type":"ListItem","position":1,"name":"Home","item":"https:\/\/animateur.lu\/"},{"@type":"ListItem","position":2,"name":"Informations pratiques"}]},{"@type":"WebSite","@id":"https:\/\/animateur.lu\/#website","url":"https:\/\/animateur.lu\/","name":"Animateur - Luxembourg","description":"","potentialAction":[{"@type":"SearchAction","target":{"@type":"EntryPoint","urlTemplate":"https:\/\/animateur.lu\/?s={search_term_string}"},"query-input":{"@type":"PropertyValueSpecification","valueRequired":true,"valueName":"search_term_string"}}],"inLanguage":"en-US"}]}},"_links":{"self":[{"href":"https:\/\/animateur.lu\/en\/wp-json\/wp\/v2\/pages\/16","targetHints":{"allow":["GET"]}}],"collection":[{"href":"https:\/\/animateur.lu\/en\/wp-json\/wp\/v2\/pages"}],"about":[{"href":"https:\/\/animateur.lu\/en\/wp-json\/wp\/v2\/types\/page"}],"author":[{"embeddable":true,"href":"https:\/\/animateur.lu\/en\/wp-json\/wp\/v2\/users\/1"}],"replies":[{"embeddable":true,"href":"https:\/\/animateur.lu\/en\/wp-json\/wp\/v2\/comments?post=16"}],"version-history":[{"count":22,"href":"https:\/\/animateur.lu\/en\/wp-json\/wp\/v2\/pages\/16\/revisions"}],"predecessor-version":[{"id":360,"href":"https:\/\/animateur.lu\/en\/wp-json\/wp\/v2\/pages\/16\/revisions\/360"}],"wp:attachment":[{"href":"https:\/\/animateur.lu\/en\/wp-json\/wp\/v2\/media?parent=16"}],"curies":[{"name":"wp","href":"https:\/\/api.w.org\/{rel}","templated":true}]}}