{"id":18,"date":"2022-10-18T13:17:43","date_gmt":"2022-10-18T11:17:43","guid":{"rendered":"https:\/\/animateur.webdev.lu\/agenda\/"},"modified":"2023-03-23T16:37:39","modified_gmt":"2023-03-23T15:37:39","slug":"agenda","status":"publish","type":"page","link":"https:\/\/animateur.lu\/en\/agenda","title":{"rendered":"Agenda"},"content":{"rendered":"<p>L\u2019agenda regroupe diff\u00e9rentes offres de loisirs dont l\u2019objectif commun est d\u2019offrir aux enfants et aux jeunes une animation de qualit\u00e9 et, avant tout, une exp\u00e9rience positive. Chaque partenaire, \u00e9tant autonome dans son organisation, est responsable pour les activit\u00e9s qu\u2019il offre.<\/p>\n","protected":false},"excerpt":{"rendered":"<p>L\u2019agenda regroupe diff\u00e9rentes offres de loisirs dont l\u2019objectif commun est d\u2019offrir aux enfants et aux jeunes une animation de qualit\u00e9 et, avant tout, une exp\u00e9rience positive. Chaque partenaire, \u00e9tant autonome dans son organisation, est responsable pour les activit\u00e9s qu\u2019il offre.<\/p>\n","protected":false},"author":1,"featured_media":0,"parent":0,"menu_order":18,"comment_status":"closed","ping_status":"closed","template":"template-agenda.php","meta":{"_acf_changed":false,"inline_featured_image":false,"footnotes":""},"class_list":["post-18","page","type-page","status-publish","hentry"],"acf":[],"yoast_head":"<!-- This site is optimized with the Yoast SEO plugin v26.6 - https:\/\/yoast.com\/wordpress\/plugins\/seo\/ -->\n<title>Agenda - Animateur - Luxembourg<\/title>\n<meta name=\"robots\" content=\"index, follow, max-snippet:-1, max-image-preview:large, max-video-preview:-1\" \/>\n<link rel=\"canonical\" href=\"https:\/\/animateur.lu\/agenda\" \/>\n<meta property=\"og:locale\" content=\"en_US\" \/>\n<meta property=\"og:type\" content=\"article\" \/>\n<meta property=\"og:title\" content=\"Agenda - Animateur - Luxembourg\" \/>\n<meta property=\"og:description\" content=\"L\u2019agenda regroupe diff\u00e9rentes offres de loisirs dont l\u2019objectif commun est d\u2019offrir aux enfants et aux jeunes une animation de qualit\u00e9 et, avant tout, une exp\u00e9rience positive. Chaque partenaire, \u00e9tant autonome dans son organisation, est responsable pour les activit\u00e9s qu\u2019il offre.\" \/>\n<meta property=\"og:url\" content=\"https:\/\/animateur.lu\/agenda\" \/>\n<meta property=\"og:site_name\" content=\"Animateur - Luxembourg\" \/>\n<meta property=\"article:modified_time\" content=\"2023-03-23T15:37:39+00:00\" \/>\n<meta name=\"twitter:card\" content=\"summary_large_image\" \/>\n<script type=\"application\/ld+json\" class=\"yoast-schema-graph\">{\"@context\":\"https:\/\/schema.org\",\"@graph\":[{\"@type\":\"WebPage\",\"@id\":\"https:\/\/animateur.lu\/agenda\",\"url\":\"https:\/\/animateur.lu\/agenda\",\"name\":\"Agenda - Animateur - Luxembourg\",\"isPartOf\":{\"@id\":\"https:\/\/animateur.lu\/#website\"},\"datePublished\":\"2022-10-18T11:17:43+00:00\",\"dateModified\":\"2023-03-23T15:37:39+00:00\",\"breadcrumb\":{\"@id\":\"https:\/\/animateur.lu\/agenda#breadcrumb\"},\"inLanguage\":\"en-US\",\"potentialAction\":[{\"@type\":\"ReadAction\",\"target\":[\"https:\/\/animateur.lu\/agenda\"]}]},{\"@type\":\"BreadcrumbList\",\"@id\":\"https:\/\/animateur.lu\/agenda#breadcrumb\",\"itemListElement\":[{\"@type\":\"ListItem\",\"position\":1,\"name\":\"Home\",\"item\":\"https:\/\/animateur.lu\/\"},{\"@type\":\"ListItem\",\"position\":2,\"name\":\"Agenda\"}]},{\"@type\":\"WebSite\",\"@id\":\"https:\/\/animateur.lu\/#website\",\"url\":\"https:\/\/animateur.lu\/\",\"name\":\"Animateur - Luxembourg\",\"description\":\"\",\"potentialAction\":[{\"@type\":\"SearchAction\",\"target\":{\"@type\":\"EntryPoint\",\"urlTemplate\":\"https:\/\/animateur.lu\/?s={search_term_string}\"},\"query-input\":{\"@type\":\"PropertyValueSpecification\",\"valueRequired\":true,\"valueName\":\"search_term_string\"}}],\"inLanguage\":\"en-US\"}]}<\/script>\n<!-- \/ Yoast SEO plugin. -->","yoast_head_json":{"title":"Agenda - Animateur - Luxembourg","robots":{"index":"index","follow":"follow","max-snippet":"max-snippet:-1","max-image-preview":"max-image-preview:large","max-video-preview":"max-video-preview:-1"},"canonical":"https:\/\/animateur.lu\/agenda","og_locale":"en_US","og_type":"article","og_title":"Agenda - Animateur - Luxembourg","og_description":"L\u2019agenda regroupe diff\u00e9rentes offres de loisirs dont l\u2019objectif commun est d\u2019offrir aux enfants et aux jeunes une animation de qualit\u00e9 et, avant tout, une exp\u00e9rience positive. Chaque partenaire, \u00e9tant autonome dans son organisation, est responsable pour les activit\u00e9s qu\u2019il offre.","og_url":"https:\/\/animateur.lu\/agenda","og_site_name":"Animateur - Luxembourg","article_modified_time":"2023-03-23T15:37:39+00:00","twitter_card":"summary_large_image","schema":{"@context":"https:\/\/schema.org","@graph":[{"@type":"WebPage","@id":"https:\/\/animateur.lu\/agenda","url":"https:\/\/animateur.lu\/agenda","name":"Agenda - Animateur - Luxembourg","isPartOf":{"@id":"https:\/\/animateur.lu\/#website"},"datePublished":"2022-10-18T11:17:43+00:00","dateModified":"2023-03-23T15:37:39+00:00","breadcrumb":{"@id":"https:\/\/animateur.lu\/agenda#breadcrumb"},"inLanguage":"en-US","potentialAction":[{"@type":"ReadAction","target":["https:\/\/animateur.lu\/agenda"]}]},{"@type":"BreadcrumbList","@id":"https:\/\/animateur.lu\/agenda#breadcrumb","itemListElement":[{"@type":"ListItem","position":1,"name":"Home","item":"https:\/\/animateur.lu\/"},{"@type":"ListItem","position":2,"name":"Agenda"}]},{"@type":"WebSite","@id":"https:\/\/animateur.lu\/#website","url":"https:\/\/animateur.lu\/","name":"Animateur - Luxembourg","description":"","potentialAction":[{"@type":"SearchAction","target":{"@type":"EntryPoint","urlTemplate":"https:\/\/animateur.lu\/?s={search_term_string}"},"query-input":{"@type":"PropertyValueSpecification","valueRequired":true,"valueName":"search_term_string"}}],"inLanguage":"en-US"}]}},"_links":{"self":[{"href":"https:\/\/animateur.lu\/en\/wp-json\/wp\/v2\/pages\/18","targetHints":{"allow":["GET"]}}],"collection":[{"href":"https:\/\/animateur.lu\/en\/wp-json\/wp\/v2\/pages"}],"about":[{"href":"https:\/\/animateur.lu\/en\/wp-json\/wp\/v2\/types\/page"}],"author":[{"embeddable":true,"href":"https:\/\/animateur.lu\/en\/wp-json\/wp\/v2\/users\/1"}],"replies":[{"embeddable":true,"href":"https:\/\/animateur.lu\/en\/wp-json\/wp\/v2\/comments?post=18"}],"version-history":[{"count":6,"href":"https:\/\/animateur.lu\/en\/wp-json\/wp\/v2\/pages\/18\/revisions"}],"predecessor-version":[{"id":356,"href":"https:\/\/animateur.lu\/en\/wp-json\/wp\/v2\/pages\/18\/revisions\/356"}],"wp:attachment":[{"href":"https:\/\/animateur.lu\/en\/wp-json\/wp\/v2\/media?parent=18"}],"curies":[{"name":"wp","href":"https:\/\/api.w.org\/{rel}","templated":true}]}}