{"id":368,"date":"2023-03-27T01:49:37","date_gmt":"2023-03-26T23:49:37","guid":{"rendered":"https:\/\/animateur.webdev.lu\/?page_id=368"},"modified":"2024-03-29T14:59:57","modified_gmt":"2024-03-29T13:59:57","slug":"brevets","status":"publish","type":"page","link":"https:\/\/animateur.lu\/en\/devenir-animateur\/brevets","title":{"rendered":"Brevets"},"content":{"rendered":"<p>Il existe 6 brevets diff\u00e9rents, de A \u00e0 F.<\/p>\n<p>Les brevets A \u00e0 C peuvent \u00eatre consid\u00e9r\u00e9s comme formations de base pour devenir moniteur d\u2019activit\u00e9s de vacances, aide-animateur ou animateur.<\/p>\n<p>Les brevets D \u00e0 F sont des sp\u00e9cialisations pour des animateurs d\u00e9tenant d\u00e9j\u00e0 un brevet C.<\/p>\n","protected":false},"excerpt":{"rendered":"<p>Il existe 6 brevets diff\u00e9rents, de A \u00e0 F. Les brevets A \u00e0 C peuvent \u00eatre consid\u00e9r\u00e9s comme formations de base pour devenir moniteur d\u2019activit\u00e9s de vacances, aide-animateur ou animateur. Les brevets D \u00e0 F sont des sp\u00e9cialisations pour des animateurs d\u00e9tenant d\u00e9j\u00e0 un brevet C.<\/p>\n","protected":false},"author":1,"featured_media":370,"parent":567,"menu_order":1,"comment_status":"closed","ping_status":"closed","template":"template-brevets.php","meta":{"_acf_changed":false,"inline_featured_image":false,"footnotes":""},"class_list":["post-368","page","type-page","status-publish","has-post-thumbnail","hentry"],"acf":[],"yoast_head":"<!-- This site is optimized with the Yoast SEO plugin v26.6 - https:\/\/yoast.com\/wordpress\/plugins\/seo\/ -->\n<title>Brevets - Animateur - Luxembourg<\/title>\n<meta name=\"robots\" content=\"index, follow, max-snippet:-1, max-image-preview:large, max-video-preview:-1\" \/>\n<link rel=\"canonical\" href=\"https:\/\/animateur.lu\/devenir-animateur\/brevets\" \/>\n<meta property=\"og:locale\" content=\"en_US\" \/>\n<meta property=\"og:type\" content=\"article\" \/>\n<meta property=\"og:title\" content=\"Brevets - Animateur - Luxembourg\" \/>\n<meta property=\"og:description\" content=\"Il existe 6 brevets diff\u00e9rents, de A \u00e0 F. Les brevets A \u00e0 C peuvent \u00eatre consid\u00e9r\u00e9s comme formations de base pour devenir moniteur d\u2019activit\u00e9s de vacances, aide-animateur ou animateur. Les brevets D \u00e0 F sont des sp\u00e9cialisations pour des animateurs d\u00e9tenant d\u00e9j\u00e0 un brevet C.\" \/>\n<meta property=\"og:url\" content=\"https:\/\/animateur.lu\/devenir-animateur\/brevets\" \/>\n<meta property=\"og:site_name\" content=\"Animateur - Luxembourg\" \/>\n<meta property=\"article:modified_time\" content=\"2024-03-29T13:59:57+00:00\" \/>\n<meta property=\"og:image\" content=\"https:\/\/animateur.lu\/wp-content\/uploads\/2023\/03\/ICON-BREVETS.png\" \/>\n\t<meta property=\"og:image:width\" content=\"151\" \/>\n\t<meta property=\"og:image:height\" content=\"158\" \/>\n\t<meta property=\"og:image:type\" content=\"image\/png\" \/>\n<meta name=\"twitter:card\" content=\"summary_large_image\" \/>\n<meta name=\"twitter:label1\" content=\"Est. reading time\" \/>\n\t<meta name=\"twitter:data1\" content=\"1 minute\" \/>\n<script type=\"application\/ld+json\" class=\"yoast-schema-graph\">{\"@context\":\"https:\/\/schema.org\",\"@graph\":[{\"@type\":\"WebPage\",\"@id\":\"https:\/\/animateur.lu\/devenir-animateur\/brevets\",\"url\":\"https:\/\/animateur.lu\/devenir-animateur\/brevets\",\"name\":\"Brevets - Animateur - Luxembourg\",\"isPartOf\":{\"@id\":\"https:\/\/animateur.lu\/#website\"},\"primaryImageOfPage\":{\"@id\":\"https:\/\/animateur.lu\/devenir-animateur\/brevets#primaryimage\"},\"image\":{\"@id\":\"https:\/\/animateur.lu\/devenir-animateur\/brevets#primaryimage\"},\"thumbnailUrl\":\"https:\/\/animateur.lu\/wp-content\/uploads\/2023\/03\/ICON-BREVETS.png\",\"datePublished\":\"2023-03-26T23:49:37+00:00\",\"dateModified\":\"2024-03-29T13:59:57+00:00\",\"breadcrumb\":{\"@id\":\"https:\/\/animateur.lu\/devenir-animateur\/brevets#breadcrumb\"},\"inLanguage\":\"en-US\",\"potentialAction\":[{\"@type\":\"ReadAction\",\"target\":[\"https:\/\/animateur.lu\/devenir-animateur\/brevets\"]}]},{\"@type\":\"ImageObject\",\"inLanguage\":\"en-US\",\"@id\":\"https:\/\/animateur.lu\/devenir-animateur\/brevets#primaryimage\",\"url\":\"https:\/\/animateur.lu\/wp-content\/uploads\/2023\/03\/ICON-BREVETS.png\",\"contentUrl\":\"https:\/\/animateur.lu\/wp-content\/uploads\/2023\/03\/ICON-BREVETS.png\",\"width\":151,\"height\":158},{\"@type\":\"BreadcrumbList\",\"@id\":\"https:\/\/animateur.lu\/devenir-animateur\/brevets#breadcrumb\",\"itemListElement\":[{\"@type\":\"ListItem\",\"position\":1,\"name\":\"Home\",\"item\":\"https:\/\/animateur.lu\/\"},{\"@type\":\"ListItem\",\"position\":2,\"name\":\"Devenir animateur\",\"item\":\"https:\/\/animateur.lu\/devenir-animateur\"},{\"@type\":\"ListItem\",\"position\":3,\"name\":\"Brevets\"}]},{\"@type\":\"WebSite\",\"@id\":\"https:\/\/animateur.lu\/#website\",\"url\":\"https:\/\/animateur.lu\/\",\"name\":\"Animateur - Luxembourg\",\"description\":\"\",\"potentialAction\":[{\"@type\":\"SearchAction\",\"target\":{\"@type\":\"EntryPoint\",\"urlTemplate\":\"https:\/\/animateur.lu\/?s={search_term_string}\"},\"query-input\":{\"@type\":\"PropertyValueSpecification\",\"valueRequired\":true,\"valueName\":\"search_term_string\"}}],\"inLanguage\":\"en-US\"}]}<\/script>\n<!-- \/ Yoast SEO plugin. -->","yoast_head_json":{"title":"Brevets - Animateur - Luxembourg","robots":{"index":"index","follow":"follow","max-snippet":"max-snippet:-1","max-image-preview":"max-image-preview:large","max-video-preview":"max-video-preview:-1"},"canonical":"https:\/\/animateur.lu\/devenir-animateur\/brevets","og_locale":"en_US","og_type":"article","og_title":"Brevets - Animateur - Luxembourg","og_description":"Il existe 6 brevets diff\u00e9rents, de A \u00e0 F. Les brevets A \u00e0 C peuvent \u00eatre consid\u00e9r\u00e9s comme formations de base pour devenir moniteur d\u2019activit\u00e9s de vacances, aide-animateur ou animateur. Les brevets D \u00e0 F sont des sp\u00e9cialisations pour des animateurs d\u00e9tenant d\u00e9j\u00e0 un brevet C.","og_url":"https:\/\/animateur.lu\/devenir-animateur\/brevets","og_site_name":"Animateur - Luxembourg","article_modified_time":"2024-03-29T13:59:57+00:00","og_image":[{"width":151,"height":158,"url":"https:\/\/animateur.lu\/wp-content\/uploads\/2023\/03\/ICON-BREVETS.png","type":"image\/png"}],"twitter_card":"summary_large_image","twitter_misc":{"Est. reading time":"1 minute"},"schema":{"@context":"https:\/\/schema.org","@graph":[{"@type":"WebPage","@id":"https:\/\/animateur.lu\/devenir-animateur\/brevets","url":"https:\/\/animateur.lu\/devenir-animateur\/brevets","name":"Brevets - Animateur - Luxembourg","isPartOf":{"@id":"https:\/\/animateur.lu\/#website"},"primaryImageOfPage":{"@id":"https:\/\/animateur.lu\/devenir-animateur\/brevets#primaryimage"},"image":{"@id":"https:\/\/animateur.lu\/devenir-animateur\/brevets#primaryimage"},"thumbnailUrl":"https:\/\/animateur.lu\/wp-content\/uploads\/2023\/03\/ICON-BREVETS.png","datePublished":"2023-03-26T23:49:37+00:00","dateModified":"2024-03-29T13:59:57+00:00","breadcrumb":{"@id":"https:\/\/animateur.lu\/devenir-animateur\/brevets#breadcrumb"},"inLanguage":"en-US","potentialAction":[{"@type":"ReadAction","target":["https:\/\/animateur.lu\/devenir-animateur\/brevets"]}]},{"@type":"ImageObject","inLanguage":"en-US","@id":"https:\/\/animateur.lu\/devenir-animateur\/brevets#primaryimage","url":"https:\/\/animateur.lu\/wp-content\/uploads\/2023\/03\/ICON-BREVETS.png","contentUrl":"https:\/\/animateur.lu\/wp-content\/uploads\/2023\/03\/ICON-BREVETS.png","width":151,"height":158},{"@type":"BreadcrumbList","@id":"https:\/\/animateur.lu\/devenir-animateur\/brevets#breadcrumb","itemListElement":[{"@type":"ListItem","position":1,"name":"Home","item":"https:\/\/animateur.lu\/"},{"@type":"ListItem","position":2,"name":"Devenir animateur","item":"https:\/\/animateur.lu\/devenir-animateur"},{"@type":"ListItem","position":3,"name":"Brevets"}]},{"@type":"WebSite","@id":"https:\/\/animateur.lu\/#website","url":"https:\/\/animateur.lu\/","name":"Animateur - Luxembourg","description":"","potentialAction":[{"@type":"SearchAction","target":{"@type":"EntryPoint","urlTemplate":"https:\/\/animateur.lu\/?s={search_term_string}"},"query-input":{"@type":"PropertyValueSpecification","valueRequired":true,"valueName":"search_term_string"}}],"inLanguage":"en-US"}]}},"_links":{"self":[{"href":"https:\/\/animateur.lu\/en\/wp-json\/wp\/v2\/pages\/368","targetHints":{"allow":["GET"]}}],"collection":[{"href":"https:\/\/animateur.lu\/en\/wp-json\/wp\/v2\/pages"}],"about":[{"href":"https:\/\/animateur.lu\/en\/wp-json\/wp\/v2\/types\/page"}],"author":[{"embeddable":true,"href":"https:\/\/animateur.lu\/en\/wp-json\/wp\/v2\/users\/1"}],"replies":[{"embeddable":true,"href":"https:\/\/animateur.lu\/en\/wp-json\/wp\/v2\/comments?post=368"}],"version-history":[{"count":16,"href":"https:\/\/animateur.lu\/en\/wp-json\/wp\/v2\/pages\/368\/revisions"}],"predecessor-version":[{"id":1781,"href":"https:\/\/animateur.lu\/en\/wp-json\/wp\/v2\/pages\/368\/revisions\/1781"}],"up":[{"embeddable":true,"href":"https:\/\/animateur.lu\/en\/wp-json\/wp\/v2\/pages\/567"}],"wp:featuredmedia":[{"embeddable":true,"href":"https:\/\/animateur.lu\/en\/wp-json\/wp\/v2\/media\/370"}],"wp:attachment":[{"href":"https:\/\/animateur.lu\/en\/wp-json\/wp\/v2\/media?parent=368"}],"curies":[{"name":"wp","href":"https:\/\/api.w.org\/{rel}","templated":true}]}}