{"id":384,"date":"2023-03-27T02:06:48","date_gmt":"2023-03-27T00:06:48","guid":{"rendered":"https:\/\/animateur.webdev.lu\/?page_id=384"},"modified":"2023-12-15T14:24:32","modified_gmt":"2023-12-15T13:24:32","slug":"approche","status":"publish","type":"page","link":"https:\/\/animateur.lu\/en\/devenir-animateur\/approche","title":{"rendered":"Approche"},"content":{"rendered":"<p class=\"qtranxs-available-languages-message qtranxs-available-languages-message-en\"> <\/p><p>ANIMATEUR, C\u2019EST QUOI ?<br \/>\nL\u2019animateur est responsable de <strong>l\u2019encadrement<\/strong> et de <strong>l\u2019animation<\/strong> des enfants, de l\u2019organisation et du d\u00e9roulement des camps, colonies et activit\u00e9s de loisirs.<\/p>\n<p>Pour remplir ces t\u00e2ches, chaque jeune, souhaitant devenir animateur, doit participer \u00e0 une formation.<\/p>\n<p>&nbsp;<\/p>","protected":false},"excerpt":{"rendered":"<p>ANIMATEUR, C\u2019EST QUOI ? L\u2019animateur est responsable de l\u2019encadrement et de l\u2019animation des enfants, de l\u2019organisation et du d\u00e9roulement des camps, colonies et activit\u00e9s de loisirs. Pour remplir ces t\u00e2ches, chaque jeune, souhaitant devenir animateur, doit participer \u00e0 une formation. &nbsp;<\/p>\n","protected":false},"author":1,"featured_media":399,"parent":567,"menu_order":0,"comment_status":"closed","ping_status":"closed","template":"template-approche.php","meta":{"_acf_changed":false,"inline_featured_image":false,"footnotes":""},"class_list":["post-384","page","type-page","status-publish","has-post-thumbnail","hentry"],"acf":[],"yoast_head":"<!-- This site is optimized with the Yoast SEO plugin v26.6 - https:\/\/yoast.com\/wordpress\/plugins\/seo\/ -->\n<title><\/title>\n<meta name=\"robots\" content=\"index, follow, max-snippet:-1, max-image-preview:large, max-video-preview:-1\" \/>\n<link rel=\"canonical\" href=\"https:\/\/animateur.lu\/en\/devenir-animateur\/approche\" \/>\n<meta property=\"og:locale\" content=\"en_US\" \/>\n<meta property=\"og:type\" content=\"article\" \/>\n<meta property=\"og:title\" content=\"[:fr]Approche[:] - Animateur - Luxembourg\" \/>\n<meta property=\"og:description\" content=\"ANIMATEUR, C\u2019EST QUOI ? L\u2019animateur est responsable de l\u2019encadrement et de l\u2019animation des enfants, de l\u2019organisation et du d\u00e9roulement des camps, colonies et activit\u00e9s de loisirs. Pour remplir ces t\u00e2ches, chaque jeune, souhaitant devenir animateur, doit participer \u00e0 une formation. &nbsp;\" \/>\n<meta property=\"og:url\" content=\"https:\/\/animateur.lu\/en\/devenir-animateur\/approche\" \/>\n<meta property=\"og:site_name\" content=\"Animateur - Luxembourg\" \/>\n<meta property=\"article:modified_time\" content=\"2023-12-15T13:24:32+00:00\" \/>\n<meta property=\"og:image\" content=\"https:\/\/animateur.lu\/wp-content\/uploads\/2023\/03\/Approche_icon.png\" \/>\n\t<meta property=\"og:image:width\" content=\"117\" \/>\n\t<meta property=\"og:image:height\" content=\"122\" \/>\n\t<meta property=\"og:image:type\" content=\"image\/png\" \/>\n<meta name=\"twitter:card\" content=\"summary_large_image\" \/>\n<meta name=\"twitter:label1\" content=\"Est. reading time\" \/>\n\t<meta name=\"twitter:data1\" content=\"1 minute\" \/>\n<script type=\"application\/ld+json\" class=\"yoast-schema-graph\">{\"@context\":\"https:\/\/schema.org\",\"@graph\":[{\"@type\":\"WebPage\",\"@id\":\"https:\/\/animateur.lu\/en\/devenir-animateur\/approche\",\"url\":\"https:\/\/animateur.lu\/en\/devenir-animateur\/approche\",\"name\":\"[:fr]Approche[:] - Animateur - Luxembourg\",\"isPartOf\":{\"@id\":\"https:\/\/animateur.lu\/#website\"},\"primaryImageOfPage\":{\"@id\":\"https:\/\/animateur.lu\/en\/devenir-animateur\/approche#primaryimage\"},\"image\":{\"@id\":\"https:\/\/animateur.lu\/en\/devenir-animateur\/approche#primaryimage\"},\"thumbnailUrl\":\"https:\/\/animateur.lu\/wp-content\/uploads\/2023\/03\/Approche_icon.png\",\"datePublished\":\"2023-03-27T00:06:48+00:00\",\"dateModified\":\"2023-12-15T13:24:32+00:00\",\"breadcrumb\":{\"@id\":\"https:\/\/animateur.lu\/en\/devenir-animateur\/approche#breadcrumb\"},\"inLanguage\":\"en-US\",\"potentialAction\":[{\"@type\":\"ReadAction\",\"target\":[\"https:\/\/animateur.lu\/en\/devenir-animateur\/approche\"]}]},{\"@type\":\"ImageObject\",\"inLanguage\":\"en-US\",\"@id\":\"https:\/\/animateur.lu\/en\/devenir-animateur\/approche#primaryimage\",\"url\":\"https:\/\/animateur.lu\/wp-content\/uploads\/2023\/03\/Approche_icon.png\",\"contentUrl\":\"https:\/\/animateur.lu\/wp-content\/uploads\/2023\/03\/Approche_icon.png\",\"width\":117,\"height\":122},{\"@type\":\"BreadcrumbList\",\"@id\":\"https:\/\/animateur.lu\/en\/devenir-animateur\/approche#breadcrumb\",\"itemListElement\":[{\"@type\":\"ListItem\",\"position\":1,\"name\":\"Home\",\"item\":\"https:\/\/animateur.lu\/\"},{\"@type\":\"ListItem\",\"position\":2,\"name\":\"Devenir animateur\",\"item\":\"https:\/\/animateur.lu\/devenir-animateur\"},{\"@type\":\"ListItem\",\"position\":3,\"name\":\"Approche\"}]},{\"@type\":\"WebSite\",\"@id\":\"https:\/\/animateur.lu\/#website\",\"url\":\"https:\/\/animateur.lu\/\",\"name\":\"Animateur - Luxembourg\",\"description\":\"\",\"potentialAction\":[{\"@type\":\"SearchAction\",\"target\":{\"@type\":\"EntryPoint\",\"urlTemplate\":\"https:\/\/animateur.lu\/?s={search_term_string}\"},\"query-input\":{\"@type\":\"PropertyValueSpecification\",\"valueRequired\":true,\"valueName\":\"search_term_string\"}}],\"inLanguage\":\"en-US\"}]}<\/script>\n<!-- \/ Yoast SEO plugin. -->","yoast_head_json":{"title":"[:fr]Approche[:] - Animateur - Luxembourg","robots":{"index":"index","follow":"follow","max-snippet":"max-snippet:-1","max-image-preview":"max-image-preview:large","max-video-preview":"max-video-preview:-1"},"canonical":"https:\/\/animateur.lu\/en\/devenir-animateur\/approche","og_locale":"en_US","og_type":"article","og_title":"[:fr]Approche[:] - Animateur - Luxembourg","og_description":"ANIMATEUR, C\u2019EST QUOI ? L\u2019animateur est responsable de l\u2019encadrement et de l\u2019animation des enfants, de l\u2019organisation et du d\u00e9roulement des camps, colonies et activit\u00e9s de loisirs. Pour remplir ces t\u00e2ches, chaque jeune, souhaitant devenir animateur, doit participer \u00e0 une formation. &nbsp;","og_url":"https:\/\/animateur.lu\/en\/devenir-animateur\/approche","og_site_name":"Animateur - Luxembourg","article_modified_time":"2023-12-15T13:24:32+00:00","og_image":[{"width":117,"height":122,"url":"https:\/\/animateur.lu\/wp-content\/uploads\/2023\/03\/Approche_icon.png","type":"image\/png"}],"twitter_card":"summary_large_image","twitter_misc":{"Est. reading time":"1 minute"},"schema":{"@context":"https:\/\/schema.org","@graph":[{"@type":"WebPage","@id":"https:\/\/animateur.lu\/en\/devenir-animateur\/approche","url":"https:\/\/animateur.lu\/en\/devenir-animateur\/approche","name":"[:fr]Approche[:] - Animateur - Luxembourg","isPartOf":{"@id":"https:\/\/animateur.lu\/#website"},"primaryImageOfPage":{"@id":"https:\/\/animateur.lu\/en\/devenir-animateur\/approche#primaryimage"},"image":{"@id":"https:\/\/animateur.lu\/en\/devenir-animateur\/approche#primaryimage"},"thumbnailUrl":"https:\/\/animateur.lu\/wp-content\/uploads\/2023\/03\/Approche_icon.png","datePublished":"2023-03-27T00:06:48+00:00","dateModified":"2023-12-15T13:24:32+00:00","breadcrumb":{"@id":"https:\/\/animateur.lu\/en\/devenir-animateur\/approche#breadcrumb"},"inLanguage":"en-US","potentialAction":[{"@type":"ReadAction","target":["https:\/\/animateur.lu\/en\/devenir-animateur\/approche"]}]},{"@type":"ImageObject","inLanguage":"en-US","@id":"https:\/\/animateur.lu\/en\/devenir-animateur\/approche#primaryimage","url":"https:\/\/animateur.lu\/wp-content\/uploads\/2023\/03\/Approche_icon.png","contentUrl":"https:\/\/animateur.lu\/wp-content\/uploads\/2023\/03\/Approche_icon.png","width":117,"height":122},{"@type":"BreadcrumbList","@id":"https:\/\/animateur.lu\/en\/devenir-animateur\/approche#breadcrumb","itemListElement":[{"@type":"ListItem","position":1,"name":"Home","item":"https:\/\/animateur.lu\/"},{"@type":"ListItem","position":2,"name":"Devenir animateur","item":"https:\/\/animateur.lu\/devenir-animateur"},{"@type":"ListItem","position":3,"name":"Approche"}]},{"@type":"WebSite","@id":"https:\/\/animateur.lu\/#website","url":"https:\/\/animateur.lu\/","name":"Animateur - Luxembourg","description":"","potentialAction":[{"@type":"SearchAction","target":{"@type":"EntryPoint","urlTemplate":"https:\/\/animateur.lu\/?s={search_term_string}"},"query-input":{"@type":"PropertyValueSpecification","valueRequired":true,"valueName":"search_term_string"}}],"inLanguage":"en-US"}]}},"_links":{"self":[{"href":"https:\/\/animateur.lu\/en\/wp-json\/wp\/v2\/pages\/384","targetHints":{"allow":["GET"]}}],"collection":[{"href":"https:\/\/animateur.lu\/en\/wp-json\/wp\/v2\/pages"}],"about":[{"href":"https:\/\/animateur.lu\/en\/wp-json\/wp\/v2\/types\/page"}],"author":[{"embeddable":true,"href":"https:\/\/animateur.lu\/en\/wp-json\/wp\/v2\/users\/1"}],"replies":[{"embeddable":true,"href":"https:\/\/animateur.lu\/en\/wp-json\/wp\/v2\/comments?post=384"}],"version-history":[{"count":7,"href":"https:\/\/animateur.lu\/en\/wp-json\/wp\/v2\/pages\/384\/revisions"}],"predecessor-version":[{"id":1779,"href":"https:\/\/animateur.lu\/en\/wp-json\/wp\/v2\/pages\/384\/revisions\/1779"}],"up":[{"embeddable":true,"href":"https:\/\/animateur.lu\/en\/wp-json\/wp\/v2\/pages\/567"}],"wp:featuredmedia":[{"embeddable":true,"href":"https:\/\/animateur.lu\/en\/wp-json\/wp\/v2\/media\/399"}],"wp:attachment":[{"href":"https:\/\/animateur.lu\/en\/wp-json\/wp\/v2\/media?parent=384"}],"curies":[{"name":"wp","href":"https:\/\/api.w.org\/{rel}","templated":true}]}}