{"id":412,"date":"2023-03-27T02:38:52","date_gmt":"2023-03-27T00:38:52","guid":{"rendered":"https:\/\/animateur.webdev.lu\/?page_id=412"},"modified":"2024-04-03T09:36:37","modified_gmt":"2024-04-03T07:36:37","slug":"conge-jeunesse","status":"publish","type":"page","link":"https:\/\/animateur.lu\/en\/etre-animateur\/conge-jeunesse","title":{"rendered":"Cong\u00e9-jeunesse"},"content":{"rendered":"<p class=\"qtranxs-available-languages-message qtranxs-available-languages-message-en\"> <\/p><p>Le cong\u00e9-jeunesse est un cong\u00e9 sp\u00e9cial, dont le but est de soutenir le d\u00e9veloppement des activit\u00e9s en faveur de la jeunesse au Grand-Duch\u00e9 de Luxembourg.<\/p>\n<p>&nbsp;<\/p>\n<h2><strong>Contact<\/strong><\/h2>\n<p>Service national de la jeunesse<br \/>\nSecr\u00e9tariat g\u00e9n\u00e9ral<\/p>","protected":false},"excerpt":{"rendered":"<p>Le cong\u00e9-jeunesse est un cong\u00e9 sp\u00e9cial, dont le but est de soutenir le d\u00e9veloppement des activit\u00e9s en faveur de la jeunesse au Grand-Duch\u00e9 de Luxembourg. &nbsp; Contact Service national de la jeunesse Secr\u00e9tariat g\u00e9n\u00e9ral<\/p>\n","protected":false},"author":1,"featured_media":414,"parent":569,"menu_order":2,"comment_status":"closed","ping_status":"closed","template":"","meta":{"_acf_changed":false,"inline_featured_image":false,"footnotes":""},"class_list":["post-412","page","type-page","status-publish","has-post-thumbnail","hentry"],"acf":[],"yoast_head":"<!-- This site is optimized with the Yoast SEO plugin v26.6 - https:\/\/yoast.com\/wordpress\/plugins\/seo\/ -->\n<title><\/title>\n<meta name=\"robots\" content=\"index, follow, max-snippet:-1, max-image-preview:large, max-video-preview:-1\" \/>\n<link rel=\"canonical\" href=\"https:\/\/animateur.lu\/etre-animateur\/conge-jeunesse\" \/>\n<meta property=\"og:locale\" content=\"en_US\" \/>\n<meta property=\"og:type\" content=\"article\" \/>\n<meta property=\"og:title\" content=\"[:fr]Cong\u00e9-jeunesse[:] - Animateur - Luxembourg\" \/>\n<meta property=\"og:description\" content=\"Le cong\u00e9-jeunesse est un cong\u00e9 sp\u00e9cial, dont le but est de soutenir le d\u00e9veloppement des activit\u00e9s en faveur de la jeunesse au Grand-Duch\u00e9 de Luxembourg. &nbsp; Contact Service national de la jeunesse Secr\u00e9tariat g\u00e9n\u00e9ral\" \/>\n<meta property=\"og:url\" content=\"https:\/\/animateur.lu\/etre-animateur\/conge-jeunesse\" \/>\n<meta property=\"og:site_name\" content=\"Animateur - Luxembourg\" \/>\n<meta property=\"article:modified_time\" content=\"2024-04-03T07:36:37+00:00\" \/>\n<meta property=\"og:image\" content=\"https:\/\/animateur.lu\/wp-content\/uploads\/2023\/03\/conge_icon.png\" \/>\n\t<meta property=\"og:image:width\" content=\"116\" \/>\n\t<meta property=\"og:image:height\" content=\"116\" \/>\n\t<meta property=\"og:image:type\" content=\"image\/png\" \/>\n<meta name=\"twitter:card\" content=\"summary_large_image\" \/>\n<meta name=\"twitter:label1\" content=\"Est. reading time\" \/>\n\t<meta name=\"twitter:data1\" content=\"1 minute\" \/>\n<script type=\"application\/ld+json\" class=\"yoast-schema-graph\">{\"@context\":\"https:\/\/schema.org\",\"@graph\":[{\"@type\":\"WebPage\",\"@id\":\"https:\/\/animateur.lu\/etre-animateur\/conge-jeunesse\",\"url\":\"https:\/\/animateur.lu\/etre-animateur\/conge-jeunesse\",\"name\":\"[:fr]Cong\u00e9-jeunesse[:] - Animateur - Luxembourg\",\"isPartOf\":{\"@id\":\"https:\/\/animateur.lu\/#website\"},\"primaryImageOfPage\":{\"@id\":\"https:\/\/animateur.lu\/etre-animateur\/conge-jeunesse#primaryimage\"},\"image\":{\"@id\":\"https:\/\/animateur.lu\/etre-animateur\/conge-jeunesse#primaryimage\"},\"thumbnailUrl\":\"https:\/\/animateur.lu\/wp-content\/uploads\/2023\/03\/conge_icon.png\",\"datePublished\":\"2023-03-27T00:38:52+00:00\",\"dateModified\":\"2024-04-03T07:36:37+00:00\",\"breadcrumb\":{\"@id\":\"https:\/\/animateur.lu\/etre-animateur\/conge-jeunesse#breadcrumb\"},\"inLanguage\":\"en-US\",\"potentialAction\":[{\"@type\":\"ReadAction\",\"target\":[\"https:\/\/animateur.lu\/etre-animateur\/conge-jeunesse\"]}]},{\"@type\":\"ImageObject\",\"inLanguage\":\"en-US\",\"@id\":\"https:\/\/animateur.lu\/etre-animateur\/conge-jeunesse#primaryimage\",\"url\":\"https:\/\/animateur.lu\/wp-content\/uploads\/2023\/03\/conge_icon.png\",\"contentUrl\":\"https:\/\/animateur.lu\/wp-content\/uploads\/2023\/03\/conge_icon.png\",\"width\":116,\"height\":116},{\"@type\":\"BreadcrumbList\",\"@id\":\"https:\/\/animateur.lu\/etre-animateur\/conge-jeunesse#breadcrumb\",\"itemListElement\":[{\"@type\":\"ListItem\",\"position\":1,\"name\":\"Home\",\"item\":\"https:\/\/animateur.lu\/\"},{\"@type\":\"ListItem\",\"position\":2,\"name\":\"\u00catre animateur\",\"item\":\"https:\/\/animateur.lu\/etre-animateur\"},{\"@type\":\"ListItem\",\"position\":3,\"name\":\"Cong\u00e9-jeunesse\"}]},{\"@type\":\"WebSite\",\"@id\":\"https:\/\/animateur.lu\/#website\",\"url\":\"https:\/\/animateur.lu\/\",\"name\":\"Animateur - Luxembourg\",\"description\":\"\",\"potentialAction\":[{\"@type\":\"SearchAction\",\"target\":{\"@type\":\"EntryPoint\",\"urlTemplate\":\"https:\/\/animateur.lu\/?s={search_term_string}\"},\"query-input\":{\"@type\":\"PropertyValueSpecification\",\"valueRequired\":true,\"valueName\":\"search_term_string\"}}],\"inLanguage\":\"en-US\"}]}<\/script>\n<!-- \/ Yoast SEO plugin. -->","yoast_head_json":{"title":"[:fr]Cong\u00e9-jeunesse[:] - Animateur - Luxembourg","robots":{"index":"index","follow":"follow","max-snippet":"max-snippet:-1","max-image-preview":"max-image-preview:large","max-video-preview":"max-video-preview:-1"},"canonical":"https:\/\/animateur.lu\/etre-animateur\/conge-jeunesse","og_locale":"en_US","og_type":"article","og_title":"[:fr]Cong\u00e9-jeunesse[:] - Animateur - Luxembourg","og_description":"Le cong\u00e9-jeunesse est un cong\u00e9 sp\u00e9cial, dont le but est de soutenir le d\u00e9veloppement des activit\u00e9s en faveur de la jeunesse au Grand-Duch\u00e9 de Luxembourg. &nbsp; Contact Service national de la jeunesse Secr\u00e9tariat g\u00e9n\u00e9ral","og_url":"https:\/\/animateur.lu\/etre-animateur\/conge-jeunesse","og_site_name":"Animateur - Luxembourg","article_modified_time":"2024-04-03T07:36:37+00:00","og_image":[{"width":116,"height":116,"url":"https:\/\/animateur.lu\/wp-content\/uploads\/2023\/03\/conge_icon.png","type":"image\/png"}],"twitter_card":"summary_large_image","twitter_misc":{"Est. reading time":"1 minute"},"schema":{"@context":"https:\/\/schema.org","@graph":[{"@type":"WebPage","@id":"https:\/\/animateur.lu\/etre-animateur\/conge-jeunesse","url":"https:\/\/animateur.lu\/etre-animateur\/conge-jeunesse","name":"[:fr]Cong\u00e9-jeunesse[:] - Animateur - Luxembourg","isPartOf":{"@id":"https:\/\/animateur.lu\/#website"},"primaryImageOfPage":{"@id":"https:\/\/animateur.lu\/etre-animateur\/conge-jeunesse#primaryimage"},"image":{"@id":"https:\/\/animateur.lu\/etre-animateur\/conge-jeunesse#primaryimage"},"thumbnailUrl":"https:\/\/animateur.lu\/wp-content\/uploads\/2023\/03\/conge_icon.png","datePublished":"2023-03-27T00:38:52+00:00","dateModified":"2024-04-03T07:36:37+00:00","breadcrumb":{"@id":"https:\/\/animateur.lu\/etre-animateur\/conge-jeunesse#breadcrumb"},"inLanguage":"en-US","potentialAction":[{"@type":"ReadAction","target":["https:\/\/animateur.lu\/etre-animateur\/conge-jeunesse"]}]},{"@type":"ImageObject","inLanguage":"en-US","@id":"https:\/\/animateur.lu\/etre-animateur\/conge-jeunesse#primaryimage","url":"https:\/\/animateur.lu\/wp-content\/uploads\/2023\/03\/conge_icon.png","contentUrl":"https:\/\/animateur.lu\/wp-content\/uploads\/2023\/03\/conge_icon.png","width":116,"height":116},{"@type":"BreadcrumbList","@id":"https:\/\/animateur.lu\/etre-animateur\/conge-jeunesse#breadcrumb","itemListElement":[{"@type":"ListItem","position":1,"name":"Home","item":"https:\/\/animateur.lu\/"},{"@type":"ListItem","position":2,"name":"\u00catre animateur","item":"https:\/\/animateur.lu\/etre-animateur"},{"@type":"ListItem","position":3,"name":"Cong\u00e9-jeunesse"}]},{"@type":"WebSite","@id":"https:\/\/animateur.lu\/#website","url":"https:\/\/animateur.lu\/","name":"Animateur - Luxembourg","description":"","potentialAction":[{"@type":"SearchAction","target":{"@type":"EntryPoint","urlTemplate":"https:\/\/animateur.lu\/?s={search_term_string}"},"query-input":{"@type":"PropertyValueSpecification","valueRequired":true,"valueName":"search_term_string"}}],"inLanguage":"en-US"}]}},"_links":{"self":[{"href":"https:\/\/animateur.lu\/en\/wp-json\/wp\/v2\/pages\/412","targetHints":{"allow":["GET"]}}],"collection":[{"href":"https:\/\/animateur.lu\/en\/wp-json\/wp\/v2\/pages"}],"about":[{"href":"https:\/\/animateur.lu\/en\/wp-json\/wp\/v2\/types\/page"}],"author":[{"embeddable":true,"href":"https:\/\/animateur.lu\/en\/wp-json\/wp\/v2\/users\/1"}],"replies":[{"embeddable":true,"href":"https:\/\/animateur.lu\/en\/wp-json\/wp\/v2\/comments?post=412"}],"version-history":[{"count":47,"href":"https:\/\/animateur.lu\/en\/wp-json\/wp\/v2\/pages\/412\/revisions"}],"predecessor-version":[{"id":2113,"href":"https:\/\/animateur.lu\/en\/wp-json\/wp\/v2\/pages\/412\/revisions\/2113"}],"up":[{"embeddable":true,"href":"https:\/\/animateur.lu\/en\/wp-json\/wp\/v2\/pages\/569"}],"wp:featuredmedia":[{"embeddable":true,"href":"https:\/\/animateur.lu\/en\/wp-json\/wp\/v2\/media\/414"}],"wp:attachment":[{"href":"https:\/\/animateur.lu\/en\/wp-json\/wp\/v2\/media?parent=412"}],"curies":[{"name":"wp","href":"https:\/\/api.w.org\/{rel}","templated":true}]}}