{"id":1232,"date":"2023-10-16T11:21:08","date_gmt":"2023-10-16T09:21:08","guid":{"rendered":"https:\/\/animateur.webdev.lu\/product\/faltzelt-m-5x5-komplett-tente-pliante-5x5m-complet"},"modified":"2026-03-26T13:14:23","modified_gmt":"2026-03-26T12:14:23","slug":"tente-pliante-5x5m","status":"publish","type":"product","link":"https:\/\/animateur.lu\/en\/product\/tente-pliante-5x5m","title":{"rendered":"Tente pliante &#8211; 5x5m"},"content":{"rendered":"<p>Tente pliante avec parois lat\u00e9rales &#8211; Klappzelt mit Seitenw\u00e4nden<\/p>\n<p>Mesures &#8211; Gr\u00f6\u00dfe: 5x5m<\/p>\n<p>Mesures pli\u00e9es &#8211; Messungen gefaltet: 160x60cm + Boite &#8211; Kiste : 80x60x32cm<\/p>\n<p>Poids- Gewicht: 120 KG<\/p>\n","protected":false},"excerpt":{"rendered":"<p>Tente pliante avec parois lat\u00e9rales &#8211; Klappzelt mit Seitenw\u00e4nden Mesures &#8211; Gr\u00f6\u00dfe: 5x5m Mesures pli\u00e9es &#8211; Messungen gefaltet: 160x60cm + Boite &#8211; Kiste : 80x60x32cm Poids- Gewicht: 120 KG<\/p>\n","protected":false},"featured_media":1403,"template":"","meta":{"_acf_changed":false,"inline_featured_image":false},"product_brand":[],"product_cat":[205],"product_tag":[92,93,95,96,131,136],"structure":[],"class_list":{"0":"post-1232","1":"product","2":"type-product","3":"status-publish","4":"has-post-thumbnail","6":"product_cat-tentes-tentes","7":"product_tag-shop_pret_tentes","8":"product_tag-zelt","9":"product_tag-klappzelt","10":"product_tag-pliante","11":"product_tag-fiche-thematique","12":"product_tag-5x5","14":"first","15":"instock","16":"featured","17":"shipping-taxable","18":"purchasable","19":"product-type-rentable"},"acf":[],"yoast_head":"<!-- This site is optimized with the Yoast SEO plugin v26.6 - https:\/\/yoast.com\/wordpress\/plugins\/seo\/ -->\n<title>Tente pliante - 5x5m - Animateur - Luxembourg<\/title>\n<meta name=\"robots\" content=\"index, follow, max-snippet:-1, max-image-preview:large, max-video-preview:-1\" \/>\n<link rel=\"canonical\" href=\"https:\/\/animateur.lu\/product\/tente-pliante-5x5m\" \/>\n<meta property=\"og:locale\" content=\"en_US\" \/>\n<meta property=\"og:type\" content=\"article\" \/>\n<meta property=\"og:title\" content=\"Tente pliante - 5x5m - Animateur - Luxembourg\" \/>\n<meta property=\"og:description\" content=\"Tente pliante avec parois lat\u00e9rales &#8211; Klappzelt mit Seitenw\u00e4nden Mesures &#8211; Gr\u00f6\u00dfe: 5x5m Mesures pli\u00e9es &#8211; Messungen gefaltet: 160x60cm + Boite &#8211; Kiste : 80x60x32cm Poids- Gewicht: 120 KG\" \/>\n<meta property=\"og:url\" content=\"https:\/\/animateur.lu\/product\/tente-pliante-5x5m\" \/>\n<meta property=\"og:site_name\" content=\"Animateur - Luxembourg\" \/>\n<meta property=\"article:modified_time\" content=\"2026-03-26T12:14:23+00:00\" \/>\n<meta property=\"og:image\" content=\"https:\/\/animateur.lu\/wp-content\/uploads\/2023\/10\/Tente-pliante-M-5x5-1.jpg\" \/>\n\t<meta property=\"og:image:width\" content=\"300\" \/>\n\t<meta property=\"og:image:height\" content=\"224\" \/>\n\t<meta property=\"og:image:type\" content=\"image\/jpeg\" \/>\n<meta name=\"twitter:card\" content=\"summary_large_image\" \/>\n<meta name=\"twitter:label1\" content=\"Est. reading time\" \/>\n\t<meta name=\"twitter:data1\" content=\"1 minute\" \/>\n<script type=\"application\/ld+json\" class=\"yoast-schema-graph\">{\"@context\":\"https:\/\/schema.org\",\"@graph\":[{\"@type\":\"WebPage\",\"@id\":\"https:\/\/animateur.lu\/product\/tente-pliante-5x5m\",\"url\":\"https:\/\/animateur.lu\/product\/tente-pliante-5x5m\",\"name\":\"Tente pliante - 5x5m - Animateur - Luxembourg\",\"isPartOf\":{\"@id\":\"https:\/\/animateur.lu\/#website\"},\"primaryImageOfPage\":{\"@id\":\"https:\/\/animateur.lu\/product\/tente-pliante-5x5m#primaryimage\"},\"image\":{\"@id\":\"https:\/\/animateur.lu\/product\/tente-pliante-5x5m#primaryimage\"},\"thumbnailUrl\":\"https:\/\/animateur.lu\/wp-content\/uploads\/2023\/10\/Tente-pliante-M-5x5-1.jpg\",\"datePublished\":\"2023-10-16T09:21:08+00:00\",\"dateModified\":\"2026-03-26T12:14:23+00:00\",\"breadcrumb\":{\"@id\":\"https:\/\/animateur.lu\/product\/tente-pliante-5x5m#breadcrumb\"},\"inLanguage\":\"en-US\",\"potentialAction\":[{\"@type\":\"ReadAction\",\"target\":[\"https:\/\/animateur.lu\/product\/tente-pliante-5x5m\"]}]},{\"@type\":\"ImageObject\",\"inLanguage\":\"en-US\",\"@id\":\"https:\/\/animateur.lu\/product\/tente-pliante-5x5m#primaryimage\",\"url\":\"https:\/\/animateur.lu\/wp-content\/uploads\/2023\/10\/Tente-pliante-M-5x5-1.jpg\",\"contentUrl\":\"https:\/\/animateur.lu\/wp-content\/uploads\/2023\/10\/Tente-pliante-M-5x5-1.jpg\",\"width\":300,\"height\":224},{\"@type\":\"BreadcrumbList\",\"@id\":\"https:\/\/animateur.lu\/product\/tente-pliante-5x5m#breadcrumb\",\"itemListElement\":[{\"@type\":\"ListItem\",\"position\":1,\"name\":\"Home\",\"item\":\"https:\/\/animateur.lu\/\"},{\"@type\":\"ListItem\",\"position\":2,\"name\":\"Pr\u00eat de mat\u00e9riel\",\"item\":\"https:\/\/animateur.lu\/pret-de-materiel\"},{\"@type\":\"ListItem\",\"position\":3,\"name\":\"Tente pliante &#8211; 5x5m\"}]},{\"@type\":\"WebSite\",\"@id\":\"https:\/\/animateur.lu\/#website\",\"url\":\"https:\/\/animateur.lu\/\",\"name\":\"Animateur - Luxembourg\",\"description\":\"\",\"potentialAction\":[{\"@type\":\"SearchAction\",\"target\":{\"@type\":\"EntryPoint\",\"urlTemplate\":\"https:\/\/animateur.lu\/?s={search_term_string}\"},\"query-input\":{\"@type\":\"PropertyValueSpecification\",\"valueRequired\":true,\"valueName\":\"search_term_string\"}}],\"inLanguage\":\"en-US\"}]}<\/script>\n<!-- \/ Yoast SEO plugin. -->","yoast_head_json":{"title":"Tente pliante - 5x5m - Animateur - Luxembourg","robots":{"index":"index","follow":"follow","max-snippet":"max-snippet:-1","max-image-preview":"max-image-preview:large","max-video-preview":"max-video-preview:-1"},"canonical":"https:\/\/animateur.lu\/product\/tente-pliante-5x5m","og_locale":"en_US","og_type":"article","og_title":"Tente pliante - 5x5m - Animateur - Luxembourg","og_description":"Tente pliante avec parois lat\u00e9rales &#8211; Klappzelt mit Seitenw\u00e4nden Mesures &#8211; Gr\u00f6\u00dfe: 5x5m Mesures pli\u00e9es &#8211; Messungen gefaltet: 160x60cm + Boite &#8211; Kiste : 80x60x32cm Poids- Gewicht: 120 KG","og_url":"https:\/\/animateur.lu\/product\/tente-pliante-5x5m","og_site_name":"Animateur - Luxembourg","article_modified_time":"2026-03-26T12:14:23+00:00","og_image":[{"width":300,"height":224,"url":"https:\/\/animateur.lu\/wp-content\/uploads\/2023\/10\/Tente-pliante-M-5x5-1.jpg","type":"image\/jpeg"}],"twitter_card":"summary_large_image","twitter_misc":{"Est. reading time":"1 minute"},"schema":{"@context":"https:\/\/schema.org","@graph":[{"@type":"WebPage","@id":"https:\/\/animateur.lu\/product\/tente-pliante-5x5m","url":"https:\/\/animateur.lu\/product\/tente-pliante-5x5m","name":"Tente pliante - 5x5m - Animateur - Luxembourg","isPartOf":{"@id":"https:\/\/animateur.lu\/#website"},"primaryImageOfPage":{"@id":"https:\/\/animateur.lu\/product\/tente-pliante-5x5m#primaryimage"},"image":{"@id":"https:\/\/animateur.lu\/product\/tente-pliante-5x5m#primaryimage"},"thumbnailUrl":"https:\/\/animateur.lu\/wp-content\/uploads\/2023\/10\/Tente-pliante-M-5x5-1.jpg","datePublished":"2023-10-16T09:21:08+00:00","dateModified":"2026-03-26T12:14:23+00:00","breadcrumb":{"@id":"https:\/\/animateur.lu\/product\/tente-pliante-5x5m#breadcrumb"},"inLanguage":"en-US","potentialAction":[{"@type":"ReadAction","target":["https:\/\/animateur.lu\/product\/tente-pliante-5x5m"]}]},{"@type":"ImageObject","inLanguage":"en-US","@id":"https:\/\/animateur.lu\/product\/tente-pliante-5x5m#primaryimage","url":"https:\/\/animateur.lu\/wp-content\/uploads\/2023\/10\/Tente-pliante-M-5x5-1.jpg","contentUrl":"https:\/\/animateur.lu\/wp-content\/uploads\/2023\/10\/Tente-pliante-M-5x5-1.jpg","width":300,"height":224},{"@type":"BreadcrumbList","@id":"https:\/\/animateur.lu\/product\/tente-pliante-5x5m#breadcrumb","itemListElement":[{"@type":"ListItem","position":1,"name":"Home","item":"https:\/\/animateur.lu\/"},{"@type":"ListItem","position":2,"name":"Pr\u00eat de mat\u00e9riel","item":"https:\/\/animateur.lu\/pret-de-materiel"},{"@type":"ListItem","position":3,"name":"Tente pliante &#8211; 5x5m"}]},{"@type":"WebSite","@id":"https:\/\/animateur.lu\/#website","url":"https:\/\/animateur.lu\/","name":"Animateur - Luxembourg","description":"","potentialAction":[{"@type":"SearchAction","target":{"@type":"EntryPoint","urlTemplate":"https:\/\/animateur.lu\/?s={search_term_string}"},"query-input":{"@type":"PropertyValueSpecification","valueRequired":true,"valueName":"search_term_string"}}],"inLanguage":"en-US"}]}},"_links":{"self":[{"href":"https:\/\/animateur.lu\/en\/wp-json\/wp\/v2\/product\/1232","targetHints":{"allow":["GET"]}}],"collection":[{"href":"https:\/\/animateur.lu\/en\/wp-json\/wp\/v2\/product"}],"about":[{"href":"https:\/\/animateur.lu\/en\/wp-json\/wp\/v2\/types\/product"}],"wp:featuredmedia":[{"embeddable":true,"href":"https:\/\/animateur.lu\/en\/wp-json\/wp\/v2\/media\/1403"}],"wp:attachment":[{"href":"https:\/\/animateur.lu\/en\/wp-json\/wp\/v2\/media?parent=1232"}],"wp:term":[{"taxonomy":"product_brand","embeddable":true,"href":"https:\/\/animateur.lu\/en\/wp-json\/wp\/v2\/product_brand?post=1232"},{"taxonomy":"product_cat","embeddable":true,"href":"https:\/\/animateur.lu\/en\/wp-json\/wp\/v2\/product_cat?post=1232"},{"taxonomy":"product_tag","embeddable":true,"href":"https:\/\/animateur.lu\/en\/wp-json\/wp\/v2\/product_tag?post=1232"},{"taxonomy":"structure","embeddable":true,"href":"https:\/\/animateur.lu\/en\/wp-json\/wp\/v2\/structure?post=1232"}],"curies":[{"name":"wp","href":"https:\/\/api.w.org\/{rel}","templated":true}]}}