{"id":2400,"date":"2024-08-28T09:10:06","date_gmt":"2024-08-28T07:10:06","guid":{"rendered":"https:\/\/animateur.lu\/product\/service-cafe-40pc"},"modified":"2026-03-26T13:14:07","modified_gmt":"2026-03-26T12:14:07","slug":"service-cafe-40-pcs","status":"publish","type":"product","link":"https:\/\/animateur.lu\/en\/product\/service-cafe-40-pcs","title":{"rendered":"Service Caf\u00e9 &#8211; 40 pcs"},"content":{"rendered":"","protected":false},"excerpt":{"rendered":"<p>40 tasses \u00e0 caf\u00e9 avec sous-tasse + couill\u00e8res \u00e0 caf\u00e9<\/p>\n","protected":false},"featured_media":2405,"template":"","meta":{"_acf_changed":false,"inline_featured_image":false},"product_brand":[],"product_cat":[77],"product_tag":[163],"structure":[],"class_list":{"0":"post-2400","1":"product","2":"type-product","3":"status-publish","4":"has-post-thumbnail","6":"product_cat-case-material","7":"product_tag-shop_pret_cuisine_vaisselle","9":"first","10":"instock","11":"shipping-taxable","12":"purchasable","13":"product-type-rentable"},"acf":[],"yoast_head":"<!-- This site is optimized with the Yoast SEO plugin v26.6 - https:\/\/yoast.com\/wordpress\/plugins\/seo\/ -->\n<title>Service Caf\u00e9 - 40 pcs - Animateur - Luxembourg<\/title>\n<meta name=\"robots\" content=\"index, follow, max-snippet:-1, max-image-preview:large, max-video-preview:-1\" \/>\n<link rel=\"canonical\" href=\"https:\/\/animateur.lu\/product\/service-cafe-40-pcs\" \/>\n<meta property=\"og:locale\" content=\"en_US\" \/>\n<meta property=\"og:type\" content=\"article\" \/>\n<meta property=\"og:title\" content=\"Service Caf\u00e9 - 40 pcs - Animateur - Luxembourg\" \/>\n<meta property=\"og:description\" content=\"40 tasses \u00e0 caf\u00e9 avec sous-tasse + couill\u00e8res \u00e0 caf\u00e9\" \/>\n<meta property=\"og:url\" content=\"https:\/\/animateur.lu\/product\/service-cafe-40-pcs\" \/>\n<meta property=\"og:site_name\" content=\"Animateur - Luxembourg\" \/>\n<meta property=\"article:modified_time\" content=\"2026-03-26T12:14:07+00:00\" \/>\n<meta property=\"og:image\" content=\"https:\/\/animateur.lu\/wp-content\/uploads\/2024\/08\/service-cafe-scaled-e1740561129623.jpg\" \/>\n\t<meta property=\"og:image:width\" content=\"1924\" \/>\n\t<meta property=\"og:image:height\" content=\"1434\" \/>\n\t<meta property=\"og:image:type\" content=\"image\/jpeg\" \/>\n<meta name=\"twitter:card\" content=\"summary_large_image\" \/>\n<script type=\"application\/ld+json\" class=\"yoast-schema-graph\">{\"@context\":\"https:\/\/schema.org\",\"@graph\":[{\"@type\":\"WebPage\",\"@id\":\"https:\/\/animateur.lu\/product\/service-cafe-40-pcs\",\"url\":\"https:\/\/animateur.lu\/product\/service-cafe-40-pcs\",\"name\":\"Service Caf\u00e9 - 40 pcs - Animateur - Luxembourg\",\"isPartOf\":{\"@id\":\"https:\/\/animateur.lu\/#website\"},\"primaryImageOfPage\":{\"@id\":\"https:\/\/animateur.lu\/product\/service-cafe-40-pcs#primaryimage\"},\"image\":{\"@id\":\"https:\/\/animateur.lu\/product\/service-cafe-40-pcs#primaryimage\"},\"thumbnailUrl\":\"https:\/\/animateur.lu\/wp-content\/uploads\/2024\/08\/service-cafe-scaled-e1740561129623.jpg\",\"datePublished\":\"2024-08-28T07:10:06+00:00\",\"dateModified\":\"2026-03-26T12:14:07+00:00\",\"breadcrumb\":{\"@id\":\"https:\/\/animateur.lu\/product\/service-cafe-40-pcs#breadcrumb\"},\"inLanguage\":\"en-US\",\"potentialAction\":[{\"@type\":\"ReadAction\",\"target\":[\"https:\/\/animateur.lu\/product\/service-cafe-40-pcs\"]}]},{\"@type\":\"ImageObject\",\"inLanguage\":\"en-US\",\"@id\":\"https:\/\/animateur.lu\/product\/service-cafe-40-pcs#primaryimage\",\"url\":\"https:\/\/animateur.lu\/wp-content\/uploads\/2024\/08\/service-cafe-scaled-e1740561129623.jpg\",\"contentUrl\":\"https:\/\/animateur.lu\/wp-content\/uploads\/2024\/08\/service-cafe-scaled-e1740561129623.jpg\",\"width\":1924,\"height\":1434},{\"@type\":\"BreadcrumbList\",\"@id\":\"https:\/\/animateur.lu\/product\/service-cafe-40-pcs#breadcrumb\",\"itemListElement\":[{\"@type\":\"ListItem\",\"position\":1,\"name\":\"Home\",\"item\":\"https:\/\/animateur.lu\/\"},{\"@type\":\"ListItem\",\"position\":2,\"name\":\"Pr\u00eat de mat\u00e9riel\",\"item\":\"https:\/\/animateur.lu\/pret-de-materiel\"},{\"@type\":\"ListItem\",\"position\":3,\"name\":\"Service Caf\u00e9 &#8211; 40 pcs\"}]},{\"@type\":\"WebSite\",\"@id\":\"https:\/\/animateur.lu\/#website\",\"url\":\"https:\/\/animateur.lu\/\",\"name\":\"Animateur - Luxembourg\",\"description\":\"\",\"potentialAction\":[{\"@type\":\"SearchAction\",\"target\":{\"@type\":\"EntryPoint\",\"urlTemplate\":\"https:\/\/animateur.lu\/?s={search_term_string}\"},\"query-input\":{\"@type\":\"PropertyValueSpecification\",\"valueRequired\":true,\"valueName\":\"search_term_string\"}}],\"inLanguage\":\"en-US\"}]}<\/script>\n<!-- \/ Yoast SEO plugin. -->","yoast_head_json":{"title":"Service Caf\u00e9 - 40 pcs - Animateur - Luxembourg","robots":{"index":"index","follow":"follow","max-snippet":"max-snippet:-1","max-image-preview":"max-image-preview:large","max-video-preview":"max-video-preview:-1"},"canonical":"https:\/\/animateur.lu\/product\/service-cafe-40-pcs","og_locale":"en_US","og_type":"article","og_title":"Service Caf\u00e9 - 40 pcs - Animateur - Luxembourg","og_description":"40 tasses \u00e0 caf\u00e9 avec sous-tasse + couill\u00e8res \u00e0 caf\u00e9","og_url":"https:\/\/animateur.lu\/product\/service-cafe-40-pcs","og_site_name":"Animateur - Luxembourg","article_modified_time":"2026-03-26T12:14:07+00:00","og_image":[{"width":1924,"height":1434,"url":"https:\/\/animateur.lu\/wp-content\/uploads\/2024\/08\/service-cafe-scaled-e1740561129623.jpg","type":"image\/jpeg"}],"twitter_card":"summary_large_image","schema":{"@context":"https:\/\/schema.org","@graph":[{"@type":"WebPage","@id":"https:\/\/animateur.lu\/product\/service-cafe-40-pcs","url":"https:\/\/animateur.lu\/product\/service-cafe-40-pcs","name":"Service Caf\u00e9 - 40 pcs - Animateur - Luxembourg","isPartOf":{"@id":"https:\/\/animateur.lu\/#website"},"primaryImageOfPage":{"@id":"https:\/\/animateur.lu\/product\/service-cafe-40-pcs#primaryimage"},"image":{"@id":"https:\/\/animateur.lu\/product\/service-cafe-40-pcs#primaryimage"},"thumbnailUrl":"https:\/\/animateur.lu\/wp-content\/uploads\/2024\/08\/service-cafe-scaled-e1740561129623.jpg","datePublished":"2024-08-28T07:10:06+00:00","dateModified":"2026-03-26T12:14:07+00:00","breadcrumb":{"@id":"https:\/\/animateur.lu\/product\/service-cafe-40-pcs#breadcrumb"},"inLanguage":"en-US","potentialAction":[{"@type":"ReadAction","target":["https:\/\/animateur.lu\/product\/service-cafe-40-pcs"]}]},{"@type":"ImageObject","inLanguage":"en-US","@id":"https:\/\/animateur.lu\/product\/service-cafe-40-pcs#primaryimage","url":"https:\/\/animateur.lu\/wp-content\/uploads\/2024\/08\/service-cafe-scaled-e1740561129623.jpg","contentUrl":"https:\/\/animateur.lu\/wp-content\/uploads\/2024\/08\/service-cafe-scaled-e1740561129623.jpg","width":1924,"height":1434},{"@type":"BreadcrumbList","@id":"https:\/\/animateur.lu\/product\/service-cafe-40-pcs#breadcrumb","itemListElement":[{"@type":"ListItem","position":1,"name":"Home","item":"https:\/\/animateur.lu\/"},{"@type":"ListItem","position":2,"name":"Pr\u00eat de mat\u00e9riel","item":"https:\/\/animateur.lu\/pret-de-materiel"},{"@type":"ListItem","position":3,"name":"Service Caf\u00e9 &#8211; 40 pcs"}]},{"@type":"WebSite","@id":"https:\/\/animateur.lu\/#website","url":"https:\/\/animateur.lu\/","name":"Animateur - Luxembourg","description":"","potentialAction":[{"@type":"SearchAction","target":{"@type":"EntryPoint","urlTemplate":"https:\/\/animateur.lu\/?s={search_term_string}"},"query-input":{"@type":"PropertyValueSpecification","valueRequired":true,"valueName":"search_term_string"}}],"inLanguage":"en-US"}]}},"_links":{"self":[{"href":"https:\/\/animateur.lu\/en\/wp-json\/wp\/v2\/product\/2400","targetHints":{"allow":["GET"]}}],"collection":[{"href":"https:\/\/animateur.lu\/en\/wp-json\/wp\/v2\/product"}],"about":[{"href":"https:\/\/animateur.lu\/en\/wp-json\/wp\/v2\/types\/product"}],"wp:featuredmedia":[{"embeddable":true,"href":"https:\/\/animateur.lu\/en\/wp-json\/wp\/v2\/media\/2405"}],"wp:attachment":[{"href":"https:\/\/animateur.lu\/en\/wp-json\/wp\/v2\/media?parent=2400"}],"wp:term":[{"taxonomy":"product_brand","embeddable":true,"href":"https:\/\/animateur.lu\/en\/wp-json\/wp\/v2\/product_brand?post=2400"},{"taxonomy":"product_cat","embeddable":true,"href":"https:\/\/animateur.lu\/en\/wp-json\/wp\/v2\/product_cat?post=2400"},{"taxonomy":"product_tag","embeddable":true,"href":"https:\/\/animateur.lu\/en\/wp-json\/wp\/v2\/product_tag?post=2400"},{"taxonomy":"structure","embeddable":true,"href":"https:\/\/animateur.lu\/en\/wp-json\/wp\/v2\/structure?post=2400"}],"curies":[{"name":"wp","href":"https:\/\/api.w.org\/{rel}","templated":true}]}}