{"id":2756,"date":"2025-02-13T08:40:08","date_gmt":"2025-02-13T07:40:08","guid":{"rendered":"https:\/\/animateur.lu\/product\/gilet-de-securite"},"modified":"2026-03-26T13:14:07","modified_gmt":"2026-03-26T12:14:07","slug":"gilet-de-securite-gros-grand","status":"publish","type":"product","link":"https:\/\/animateur.lu\/en\/product\/gilet-de-securite-gros-grand","title":{"rendered":"Gilet de s\u00e9curit\u00e9 (gro\u00df\/grand)"},"content":{"rendered":"","protected":false},"excerpt":{"rendered":"","protected":false},"featured_media":2831,"template":"","meta":{"_acf_changed":false,"inline_featured_image":false},"product_brand":[],"product_cat":[51],"product_tag":[166,171],"structure":[],"class_list":{"0":"post-2756","1":"product","2":"type-product","3":"status-publish","4":"has-post-thumbnail","6":"product_cat-securite","7":"product_tag-shop_pret_camping_securite","8":"product_tag-shop_pret_autre_materielsnj","10":"first","11":"instock","12":"shipping-taxable","13":"purchasable","14":"product-type-rentable"},"acf":[],"yoast_head":"<!-- This site is optimized with the Yoast SEO plugin v26.6 - https:\/\/yoast.com\/wordpress\/plugins\/seo\/ -->\n<title>Gilet de s\u00e9curit\u00e9 (gro\u00df\/grand) - Animateur - Luxembourg<\/title>\n<meta name=\"robots\" content=\"index, follow, max-snippet:-1, max-image-preview:large, max-video-preview:-1\" \/>\n<link rel=\"canonical\" href=\"https:\/\/animateur.lu\/product\/gilet-de-securite-gros-grand\" \/>\n<meta property=\"og:locale\" content=\"en_US\" \/>\n<meta property=\"og:type\" content=\"article\" \/>\n<meta property=\"og:title\" content=\"Gilet de s\u00e9curit\u00e9 (gro\u00df\/grand) - Animateur - Luxembourg\" \/>\n<meta property=\"og:url\" content=\"https:\/\/animateur.lu\/product\/gilet-de-securite-gros-grand\" \/>\n<meta property=\"og:site_name\" content=\"Animateur - Luxembourg\" \/>\n<meta property=\"article:modified_time\" content=\"2026-03-26T12:14:07+00:00\" \/>\n<meta name=\"twitter:card\" content=\"summary_large_image\" \/>\n<script type=\"application\/ld+json\" class=\"yoast-schema-graph\">{\"@context\":\"https:\/\/schema.org\",\"@graph\":[{\"@type\":\"WebPage\",\"@id\":\"https:\/\/animateur.lu\/product\/gilet-de-securite-gros-grand\",\"url\":\"https:\/\/animateur.lu\/product\/gilet-de-securite-gros-grand\",\"name\":\"Gilet de s\u00e9curit\u00e9 (gro\u00df\/grand) - Animateur - Luxembourg\",\"isPartOf\":{\"@id\":\"https:\/\/animateur.lu\/#website\"},\"primaryImageOfPage\":{\"@id\":\"https:\/\/animateur.lu\/product\/gilet-de-securite-gros-grand#primaryimage\"},\"image\":{\"@id\":\"https:\/\/animateur.lu\/product\/gilet-de-securite-gros-grand#primaryimage\"},\"thumbnailUrl\":\"https:\/\/animateur.lu\/wp-content\/uploads\/2025\/02\/IMG_8024-scaled.jpg\",\"datePublished\":\"2025-02-13T07:40:08+00:00\",\"dateModified\":\"2026-03-26T12:14:07+00:00\",\"breadcrumb\":{\"@id\":\"https:\/\/animateur.lu\/product\/gilet-de-securite-gros-grand#breadcrumb\"},\"inLanguage\":\"en-US\",\"potentialAction\":[{\"@type\":\"ReadAction\",\"target\":[\"https:\/\/animateur.lu\/product\/gilet-de-securite-gros-grand\"]}]},{\"@type\":\"ImageObject\",\"inLanguage\":\"en-US\",\"@id\":\"https:\/\/animateur.lu\/product\/gilet-de-securite-gros-grand#primaryimage\",\"url\":\"https:\/\/animateur.lu\/wp-content\/uploads\/2025\/02\/IMG_8024-scaled.jpg\",\"contentUrl\":\"https:\/\/animateur.lu\/wp-content\/uploads\/2025\/02\/IMG_8024-scaled.jpg\",\"width\":1853,\"height\":2560},{\"@type\":\"BreadcrumbList\",\"@id\":\"https:\/\/animateur.lu\/product\/gilet-de-securite-gros-grand#breadcrumb\",\"itemListElement\":[{\"@type\":\"ListItem\",\"position\":1,\"name\":\"Home\",\"item\":\"https:\/\/animateur.lu\/\"},{\"@type\":\"ListItem\",\"position\":2,\"name\":\"Pr\u00eat de mat\u00e9riel\",\"item\":\"https:\/\/animateur.lu\/pret-de-materiel\"},{\"@type\":\"ListItem\",\"position\":3,\"name\":\"Gilet de s\u00e9curit\u00e9 (gro\u00df\/grand)\"}]},{\"@type\":\"WebSite\",\"@id\":\"https:\/\/animateur.lu\/#website\",\"url\":\"https:\/\/animateur.lu\/\",\"name\":\"Animateur - Luxembourg\",\"description\":\"\",\"potentialAction\":[{\"@type\":\"SearchAction\",\"target\":{\"@type\":\"EntryPoint\",\"urlTemplate\":\"https:\/\/animateur.lu\/?s={search_term_string}\"},\"query-input\":{\"@type\":\"PropertyValueSpecification\",\"valueRequired\":true,\"valueName\":\"search_term_string\"}}],\"inLanguage\":\"en-US\"}]}<\/script>\n<!-- \/ Yoast SEO plugin. -->","yoast_head_json":{"title":"Gilet de s\u00e9curit\u00e9 (gro\u00df\/grand) - Animateur - Luxembourg","robots":{"index":"index","follow":"follow","max-snippet":"max-snippet:-1","max-image-preview":"max-image-preview:large","max-video-preview":"max-video-preview:-1"},"canonical":"https:\/\/animateur.lu\/product\/gilet-de-securite-gros-grand","og_locale":"en_US","og_type":"article","og_title":"Gilet de s\u00e9curit\u00e9 (gro\u00df\/grand) - Animateur - Luxembourg","og_url":"https:\/\/animateur.lu\/product\/gilet-de-securite-gros-grand","og_site_name":"Animateur - Luxembourg","article_modified_time":"2026-03-26T12:14:07+00:00","twitter_card":"summary_large_image","schema":{"@context":"https:\/\/schema.org","@graph":[{"@type":"WebPage","@id":"https:\/\/animateur.lu\/product\/gilet-de-securite-gros-grand","url":"https:\/\/animateur.lu\/product\/gilet-de-securite-gros-grand","name":"Gilet de s\u00e9curit\u00e9 (gro\u00df\/grand) - Animateur - Luxembourg","isPartOf":{"@id":"https:\/\/animateur.lu\/#website"},"primaryImageOfPage":{"@id":"https:\/\/animateur.lu\/product\/gilet-de-securite-gros-grand#primaryimage"},"image":{"@id":"https:\/\/animateur.lu\/product\/gilet-de-securite-gros-grand#primaryimage"},"thumbnailUrl":"https:\/\/animateur.lu\/wp-content\/uploads\/2025\/02\/IMG_8024-scaled.jpg","datePublished":"2025-02-13T07:40:08+00:00","dateModified":"2026-03-26T12:14:07+00:00","breadcrumb":{"@id":"https:\/\/animateur.lu\/product\/gilet-de-securite-gros-grand#breadcrumb"},"inLanguage":"en-US","potentialAction":[{"@type":"ReadAction","target":["https:\/\/animateur.lu\/product\/gilet-de-securite-gros-grand"]}]},{"@type":"ImageObject","inLanguage":"en-US","@id":"https:\/\/animateur.lu\/product\/gilet-de-securite-gros-grand#primaryimage","url":"https:\/\/animateur.lu\/wp-content\/uploads\/2025\/02\/IMG_8024-scaled.jpg","contentUrl":"https:\/\/animateur.lu\/wp-content\/uploads\/2025\/02\/IMG_8024-scaled.jpg","width":1853,"height":2560},{"@type":"BreadcrumbList","@id":"https:\/\/animateur.lu\/product\/gilet-de-securite-gros-grand#breadcrumb","itemListElement":[{"@type":"ListItem","position":1,"name":"Home","item":"https:\/\/animateur.lu\/"},{"@type":"ListItem","position":2,"name":"Pr\u00eat de mat\u00e9riel","item":"https:\/\/animateur.lu\/pret-de-materiel"},{"@type":"ListItem","position":3,"name":"Gilet de s\u00e9curit\u00e9 (gro\u00df\/grand)"}]},{"@type":"WebSite","@id":"https:\/\/animateur.lu\/#website","url":"https:\/\/animateur.lu\/","name":"Animateur - Luxembourg","description":"","potentialAction":[{"@type":"SearchAction","target":{"@type":"EntryPoint","urlTemplate":"https:\/\/animateur.lu\/?s={search_term_string}"},"query-input":{"@type":"PropertyValueSpecification","valueRequired":true,"valueName":"search_term_string"}}],"inLanguage":"en-US"}]}},"_links":{"self":[{"href":"https:\/\/animateur.lu\/en\/wp-json\/wp\/v2\/product\/2756","targetHints":{"allow":["GET"]}}],"collection":[{"href":"https:\/\/animateur.lu\/en\/wp-json\/wp\/v2\/product"}],"about":[{"href":"https:\/\/animateur.lu\/en\/wp-json\/wp\/v2\/types\/product"}],"wp:featuredmedia":[{"embeddable":true,"href":"https:\/\/animateur.lu\/en\/wp-json\/wp\/v2\/media\/2831"}],"wp:attachment":[{"href":"https:\/\/animateur.lu\/en\/wp-json\/wp\/v2\/media?parent=2756"}],"wp:term":[{"taxonomy":"product_brand","embeddable":true,"href":"https:\/\/animateur.lu\/en\/wp-json\/wp\/v2\/product_brand?post=2756"},{"taxonomy":"product_cat","embeddable":true,"href":"https:\/\/animateur.lu\/en\/wp-json\/wp\/v2\/product_cat?post=2756"},{"taxonomy":"product_tag","embeddable":true,"href":"https:\/\/animateur.lu\/en\/wp-json\/wp\/v2\/product_tag?post=2756"},{"taxonomy":"structure","embeddable":true,"href":"https:\/\/animateur.lu\/en\/wp-json\/wp\/v2\/structure?post=2756"}],"curies":[{"name":"wp","href":"https:\/\/api.w.org\/{rel}","templated":true}]}}